{"id":128,"date":"2016-06-30T13:33:05","date_gmt":"2016-06-30T11:33:05","guid":{"rendered":"https:\/\/www.euroendocert.de\/de\/?page_id=128"},"modified":"2026-03-05T17:08:56","modified_gmt":"2026-03-05T16:08:56","slug":"zertifizierungsprozess","status":"publish","type":"page","link":"https:\/\/www.euroendocert.de\/de\/zertifizierungsprozess\/","title":{"rendered":"Zertifizierungsprozess"},"content":{"rendered":"\n<p>Der Ablauf der Zertifizierung ist genau geregelt und wir tun unser Bestes, um die angegebenen Zeiten einzuhalten.<\/p>\n\n\n\n<div class=\"panel panel--content border--red\">\n    \n\n<h2 class=\"wp-block-heading has-text-align-center\"><strong>1.<\/strong><\/h2>\n\n\n\n<p>Sobald Sie uns Ihre <a href=\"https:\/\/www.euroendocert.de\/de\/voranfrage\/\">Anfrage<\/a> \u00fcber unser Voranfrageformular mit Angabe Ihres Zertifizierungswunsches gesendet haben, erhalten Sie von uns als Antwort Ihre entsprechenden Vertragsunterlagen mit Kostenvoranschlag, alle weiteren Dokumente und Informationen sowie ggf. eine erste Rechnung zur Pr\u00fcfung der eingegangenen Unterlagen. Zun\u00e4chst sind alle Vertragsunterlagen mit Kostenvoranschlag von der in Ihrem Unternehmen verantwortlichen Person unterzeichnet <strong>elektronisch als Scan<\/strong> an uns zur\u00fcck zu schicken.<\/p>\n\n\n\n<hr class=\"wp-block-separator has-alpha-channel-opacity is-style-endocert_light_separator\"\/>\n\n\n\n<h2 class=\"wp-block-heading has-text-align-center\"><strong>2.<\/strong><\/h2>\n\n\n\n<p>Nachdem der unterzeichnete Kostenvoranschlag mit Vertragsunterlagen bei uns eingegangen und die Geb\u00fchr f\u00fcr die Pr\u00fcfung des Erhebungsbogens \u00fcberwiesen ist, k\u00f6nnen Sie uns Ihre Antragsunterlagen <strong>als PDF und Excel-Datei elektronisch per Mail<\/strong> zur ersten Pr\u00fcfung \u00fcbermitteln.<\/p>\n\n\n\n<hr class=\"wp-block-separator has-alpha-channel-opacity is-style-endocert_light_separator\"\/>\n\n\n\n<h2 class=\"wp-block-heading has-text-align-center\"><strong>3.<\/strong><\/h2>\n\n\n\n<p>Ihre Unterlagen werden nach Kontrolle durch die Gesch\u00e4ftsstelle dann dem\/den Gutachter\/-n vorgelegt, die sie innerhalb von 4 Wochen pr\u00fcfen und einen Pr\u00e4-Audit Check verfassen, welcher Ihnen vor dem Audit \u00fcbermittelt wird.<\/p>\n\n\n\n<hr class=\"wp-block-separator has-alpha-channel-opacity is-style-endocert_light_separator\"\/>\n\n\n\n<h2 class=\"wp-block-heading has-text-align-center\"><strong>4.<\/strong><\/h2>\n\n\n\n<p>Sodann erhalten Sie von uns Terminvorschl\u00e4ge f\u00fcr das Audit.<\/p>\n\n\n\n<hr class=\"wp-block-separator has-alpha-channel-opacity is-style-endocert_light_separator\"\/>\n\n\n\n<h2 class=\"wp-block-heading has-text-align-center\"><strong>5.<\/strong><\/h2>\n\n\n\n<p>Frauen\u00e4rztliche Praxen werden in der Regel nach Aktenlage zertifiziert. Sollte ein Audit vor Ort f\u00fcr notwendig erachtet werden, werden wir Ihnen dies mitteilen und ein erweitertes Angebot unterbreiten.<\/p>\n\n\n\n<hr class=\"wp-block-separator has-alpha-channel-opacity is-style-endocert_light_separator\"\/>\n\n\n\n<h2 class=\"wp-block-heading has-text-align-center\"><strong>6.<\/strong><\/h2>\n\n\n\n<p>Das Audit vor Ort dauert etwa 4-5 Stunden (Rezertifizierungen ca. 3 h) und wird m\u00f6glichst auch bei der Rezertifizierung von den selben Gutachtern durchgef\u00fchrt. Die regul\u00e4ren Tagesordnungspunkte des Audits finden sie <a href=\"https:\/\/www.euroendocert.de\/de\/tagesordnung-fu%cc%88r-das-audit-zur-anerkennung-von-endometriosezentren\/\">hier<\/a>. Je nach \u00f6rtlichen Bed\u00fcrfnissen k\u00f6nnen Sie den Ablauf auch variieren. Wir empfehlen Ihnen, im Audit insbesondere darzustellen, wo Sie Ihren Patientinnen \u00fcber den Facharztstandard hinaus Angebote zur koordinierten disziplin- und fach\u00fcbergreifenden Behandlung machen.<\/p>\n\n\n\n<hr class=\"wp-block-separator has-alpha-channel-opacity is-style-endocert_light_separator\"\/>\n\n\n\n<h2 class=\"wp-block-heading has-text-align-center\"><strong>7.<\/strong><\/h2>\n\n\n\n<p>Innerhalb von 3 Wochen schreibt einer der Auditoren einen Bericht, der Ihnen zur Korrektur sachlicher Fehler und der Zertifizierungskommission zur Genehmigung vorgelegt wird.<\/p>\n\n\n\n<hr class=\"wp-block-separator has-alpha-channel-opacity is-style-endocert_light_separator\"\/>\n\n\n\n<h2 class=\"wp-block-heading has-text-align-center\"><strong>8.<\/strong><\/h2>\n\n\n\n<p>Abschlie\u00dfend erhalten Sie nach positiver Beurteilung der Zertifizierungskommission eine Urkunde, die Genehmigung, unsere Logos f\u00fcr die G\u00fcltigkeitsdauer des Zertifikats zu verwenden, und Ihr Zentrum wird auf unserer Webseite ver\u00f6ffentlicht.<\/p>\n\n\n<\/div>\n\n\n<div class=\"panel panel--content border--orange\">\n    \n\n<h3 class=\"wp-block-heading\">Zertifizierung<\/h3>\n\n\n\n<p>Wenn Sie sich (re-)zertifizieren lassen wollen, schicken Sie uns bitte zun\u00e4chst eine <a href=\"https:\/\/www.euroendocert.de\/de\/voranfrage\/\">Voranfrage<\/a>.<\/p>\n\n\n\n<p class=\"has-text-align-right\"><a href=\"https:\/\/www.euroendocert.de\/de\/voranfrage\/\">Mehr erfahren<\/a><\/p>\n\n\n<\/div>","protected":false},"excerpt":{"rendered":"<p>Der Ablauf der Zertifizierung ist genau geregelt und wir tun unser Bestes, um die angegebenen\u2026<\/p>\n","protected":false},"author":1,"featured_media":0,"parent":0,"menu_order":0,"comment_status":"closed","ping_status":"closed","template":"","meta":{"footnotes":""},"class_list":["post-128","page","type-page","status-publish","hentry"],"yoast_head":"<!-- This site is optimized with the Yoast SEO plugin v27.4 - https:\/\/yoast.com\/product\/yoast-seo-wordpress\/ -->\n<title>Zertifizierungsprozess - EuroEndoCert<\/title>\n<meta name=\"description\" content=\"Hier erfahren Sie mehr \u00fcber den Zertifizierungsprozess f\u00fcr Behandlungseinrichtungen der Endometriose.\" \/>\n<meta name=\"robots\" content=\"index, follow, max-snippet:-1, max-image-preview:large, max-video-preview:-1\" \/>\n<link rel=\"canonical\" href=\"https:\/\/www.euroendocert.de\/de\/zertifizierungsprozess\/\" \/>\n<meta property=\"og:locale\" content=\"de_DE\" \/>\n<meta property=\"og:type\" content=\"article\" \/>\n<meta property=\"og:title\" content=\"Zertifizierungsprozess - EuroEndoCert\" \/>\n<meta property=\"og:description\" content=\"Hier erfahren Sie mehr \u00fcber den Zertifizierungsprozess f\u00fcr Behandlungseinrichtungen der Endometriose.\" \/>\n<meta property=\"og:url\" content=\"https:\/\/www.euroendocert.de\/de\/zertifizierungsprozess\/\" \/>\n<meta property=\"og:site_name\" content=\"EuroEndoCert DE\" \/>\n<meta property=\"article:modified_time\" content=\"2026-03-05T16:08:56+00:00\" \/>\n<meta name=\"twitter:card\" content=\"summary_large_image\" \/>\n<script type=\"application\/ld+json\" class=\"yoast-schema-graph\">{\"@context\":\"https:\\\/\\\/schema.org\",\"@graph\":[{\"@type\":\"WebPage\",\"@id\":\"https:\\\/\\\/www.euroendocert.de\\\/de\\\/zertifizierungsprozess\\\/\",\"url\":\"https:\\\/\\\/www.euroendocert.de\\\/de\\\/zertifizierungsprozess\\\/\",\"name\":\"Zertifizierungsprozess - EuroEndoCert\",\"isPartOf\":{\"@id\":\"https:\\\/\\\/www.euroendocert.de\\\/de\\\/#website\"},\"datePublished\":\"2016-06-30T11:33:05+00:00\",\"dateModified\":\"2026-03-05T16:08:56+00:00\",\"description\":\"Hier erfahren Sie mehr \u00fcber den Zertifizierungsprozess f\u00fcr Behandlungseinrichtungen der Endometriose.\",\"breadcrumb\":{\"@id\":\"https:\\\/\\\/www.euroendocert.de\\\/de\\\/zertifizierungsprozess\\\/#breadcrumb\"},\"inLanguage\":\"de\",\"potentialAction\":[{\"@type\":\"ReadAction\",\"target\":[\"https:\\\/\\\/www.euroendocert.de\\\/de\\\/zertifizierungsprozess\\\/\"]}]},{\"@type\":\"BreadcrumbList\",\"@id\":\"https:\\\/\\\/www.euroendocert.de\\\/de\\\/zertifizierungsprozess\\\/#breadcrumb\",\"itemListElement\":[{\"@type\":\"ListItem\",\"position\":1,\"name\":\"Startseite\",\"item\":\"https:\\\/\\\/www.euroendocert.de\\\/de\\\/\"},{\"@type\":\"ListItem\",\"position\":2,\"name\":\"Zertifizierungsprozess\"}]},{\"@type\":\"WebSite\",\"@id\":\"https:\\\/\\\/www.euroendocert.de\\\/de\\\/#website\",\"url\":\"https:\\\/\\\/www.euroendocert.de\\\/de\\\/\",\"name\":\"EuroEndoCert DE\",\"description\":\"Zertifizierung f\u00fcr Krankenh\u00e4user, Arztpraxen und Rehabilitationseinrichtungen\",\"potentialAction\":[{\"@type\":\"SearchAction\",\"target\":{\"@type\":\"EntryPoint\",\"urlTemplate\":\"https:\\\/\\\/www.euroendocert.de\\\/de\\\/?s={search_term_string}\"},\"query-input\":{\"@type\":\"PropertyValueSpecification\",\"valueRequired\":true,\"valueName\":\"search_term_string\"}}],\"inLanguage\":\"de\"}]}<\/script>\n<!-- \/ Yoast SEO plugin. -->","yoast_head_json":{"title":"Zertifizierungsprozess - EuroEndoCert","description":"Hier erfahren Sie mehr \u00fcber den Zertifizierungsprozess f\u00fcr Behandlungseinrichtungen der Endometriose.","robots":{"index":"index","follow":"follow","max-snippet":"max-snippet:-1","max-image-preview":"max-image-preview:large","max-video-preview":"max-video-preview:-1"},"canonical":"https:\/\/www.euroendocert.de\/de\/zertifizierungsprozess\/","og_locale":"de_DE","og_type":"article","og_title":"Zertifizierungsprozess - EuroEndoCert","og_description":"Hier erfahren Sie mehr \u00fcber den Zertifizierungsprozess f\u00fcr Behandlungseinrichtungen der Endometriose.","og_url":"https:\/\/www.euroendocert.de\/de\/zertifizierungsprozess\/","og_site_name":"EuroEndoCert DE","article_modified_time":"2026-03-05T16:08:56+00:00","twitter_card":"summary_large_image","schema":{"@context":"https:\/\/schema.org","@graph":[{"@type":"WebPage","@id":"https:\/\/www.euroendocert.de\/de\/zertifizierungsprozess\/","url":"https:\/\/www.euroendocert.de\/de\/zertifizierungsprozess\/","name":"Zertifizierungsprozess - EuroEndoCert","isPartOf":{"@id":"https:\/\/www.euroendocert.de\/de\/#website"},"datePublished":"2016-06-30T11:33:05+00:00","dateModified":"2026-03-05T16:08:56+00:00","description":"Hier erfahren Sie mehr \u00fcber den Zertifizierungsprozess f\u00fcr Behandlungseinrichtungen der Endometriose.","breadcrumb":{"@id":"https:\/\/www.euroendocert.de\/de\/zertifizierungsprozess\/#breadcrumb"},"inLanguage":"de","potentialAction":[{"@type":"ReadAction","target":["https:\/\/www.euroendocert.de\/de\/zertifizierungsprozess\/"]}]},{"@type":"BreadcrumbList","@id":"https:\/\/www.euroendocert.de\/de\/zertifizierungsprozess\/#breadcrumb","itemListElement":[{"@type":"ListItem","position":1,"name":"Startseite","item":"https:\/\/www.euroendocert.de\/de\/"},{"@type":"ListItem","position":2,"name":"Zertifizierungsprozess"}]},{"@type":"WebSite","@id":"https:\/\/www.euroendocert.de\/de\/#website","url":"https:\/\/www.euroendocert.de\/de\/","name":"EuroEndoCert DE","description":"Zertifizierung f\u00fcr Krankenh\u00e4user, Arztpraxen und Rehabilitationseinrichtungen","potentialAction":[{"@type":"SearchAction","target":{"@type":"EntryPoint","urlTemplate":"https:\/\/www.euroendocert.de\/de\/?s={search_term_string}"},"query-input":{"@type":"PropertyValueSpecification","valueRequired":true,"valueName":"search_term_string"}}],"inLanguage":"de"}]}},"_links":{"self":[{"href":"https:\/\/www.euroendocert.de\/de\/wp-json\/wp\/v2\/pages\/128","targetHints":{"allow":["GET"]}}],"collection":[{"href":"https:\/\/www.euroendocert.de\/de\/wp-json\/wp\/v2\/pages"}],"about":[{"href":"https:\/\/www.euroendocert.de\/de\/wp-json\/wp\/v2\/types\/page"}],"author":[{"embeddable":true,"href":"https:\/\/www.euroendocert.de\/de\/wp-json\/wp\/v2\/users\/1"}],"replies":[{"embeddable":true,"href":"https:\/\/www.euroendocert.de\/de\/wp-json\/wp\/v2\/comments?post=128"}],"version-history":[{"count":71,"href":"https:\/\/www.euroendocert.de\/de\/wp-json\/wp\/v2\/pages\/128\/revisions"}],"predecessor-version":[{"id":1714,"href":"https:\/\/www.euroendocert.de\/de\/wp-json\/wp\/v2\/pages\/128\/revisions\/1714"}],"wp:attachment":[{"href":"https:\/\/www.euroendocert.de\/de\/wp-json\/wp\/v2\/media?parent=128"}],"curies":[{"name":"wp","href":"https:\/\/api.w.org\/{rel}","templated":true}]}}