{"id":152,"date":"2016-06-30T13:52:54","date_gmt":"2016-06-30T11:52:54","guid":{"rendered":"https:\/\/www.euroendocert.de\/de\/?page_id=152"},"modified":"2026-03-05T16:48:21","modified_gmt":"2026-03-05T15:48:21","slug":"geschaeftsbedingungen","status":"publish","type":"page","link":"https:\/\/www.euroendocert.de\/de\/geschaeftsbedingungen\/","title":{"rendered":"Gesch\u00e4ftsbedingungen"},"content":{"rendered":"\n<h2 class=\"wp-block-heading\">Vorbemerkung<\/h2>\n\n\n\n<p>Gegenstand des Vertrags ist die \u00dcberpr\u00fcfung des Antragstellers durch EuroEndoCert, ob jener Patientinnen mit Endometriose leitliniengerecht in einer bestimmten H\u00e4ufigkeit behandelt. Mit der Zuerteilung des Zertifikats ist die Erlaubnis zur Verwendung der gesch\u00fctzten Marke \u201eVon der SEF zertifiziertes Endometriosezentrum\u201c sowie der zugeh\u00f6rigen Logos verbunden.<\/p>\n\n\n\n<h3 class=\"wp-block-heading has-text-align-center\">(1)<\/h3>\n\n\n\n<p>EuroEndoCert GmbH unterbreitet dem Antragsteller ein Angebot \u00fcber die anfallenden Kosten und Geb\u00fchren. Mit der Annahme des Angebots kommt ein Vertrag zustande und die Geb\u00fchr f\u00fcr die Pr\u00fcfung des Erhebungsbogens wird f\u00e4llig.<\/p>\n\n\n\n<h3 class=\"wp-block-heading has-text-align-center\">(2)<\/h3>\n\n\n\n<p>Der Vertrag wird einzelvertraglich zwischen der EuroEndoCert GmbH und dem Antragsteller als einem Unternehmer oder einer juristischen Person des \u00f6ffentlichen Rechts abgeschlossen, \u00a7\u00a7 305b und 310 BGB gelten entsprechend.<\/p>\n\n\n\n<h3 class=\"wp-block-heading has-text-align-center\">(3)<\/h3>\n\n\n\n<p>EuroEndoCert gew\u00e4hrleistet eine Bearbeitung des Antrags innerhalb von 6 Wochen ab Eingang der Geb\u00fchr f\u00fcr die Pr\u00fcfung des Erhebungsbogens.<\/p>\n\n\n\n<h3 class=\"wp-block-heading has-text-align-center\">(4)<\/h3>\n\n\n\n<p>Mit dem Zeitpunkt der Terminierung des Audits wird die Zertifizierungsgeb\u00fchr f\u00e4llig.<\/p>\n\n\n\n<h3 class=\"wp-block-heading has-text-align-center\">(5)<\/h3>\n\n\n\n<p>EuroEndoCert gew\u00e4hrleistet die \u00dcbergabe eines Auditberichts innerhalb von 4 Wochen nach dem Audit.<\/p>\n\n\n\n<h3 class=\"wp-block-heading has-text-align-center\">(6)<\/h3>\n\n\n\n<p>Mit der \u00dcbergabe des Zertifikats und der Erlaubnis zur Verwendung unserer Logos ist die 1. Jahresgeb\u00fchr f\u00e4llig.<\/p>\n\n\n\n<h3 class=\"wp-block-heading has-text-align-center\">(7)<\/h3>\n\n\n\n<p>Kommt der Zertifizierungsprozess nicht vollst\u00e4ndig oder nicht zeitgerecht zustande, k\u00f6nnen beide Parteien von dem Vertrag zur\u00fccktreten. Der Antragsteller erh\u00e4lt die Kosten f\u00fcr nicht erbrachte Leistungen zur\u00fcck erstattet, falls EuroEndoCert die Gr\u00fcnde f\u00fcr das Nichtzustandekommen zu vertreten hat. Hat der Antragsteller die Gr\u00fcnde f\u00fcr das Nichtzustandekommen zu vertreten, so schuldet er die Geb\u00fchren anteilig f\u00fcr den entstandenen Aufwand.<\/p>\n\n\n\n<h3 class=\"wp-block-heading has-text-align-center\">(8)<\/h3>\n\n\n\n<p>Mit dem Vertrag ist keine Zusicherung der Erteilung eines gew\u00fcnschten Zertifikats verbunden. Wird das Zertifikat (auch einer bestimmten Stufe) verweigert, bestehen keine Erstattungs- oder Minderungsanspr\u00fcche des Antragstellers.<\/p>\n\n\n\n<h3 class=\"wp-block-heading has-text-align-center\">(9)<\/h3>\n\n\n\n<p>Die Erteilung des Zertifikats ist an die Person des Zentrumsleiters gebunden. Verl\u00e4sst diese die Einrichtung, kann die Einrichtung EuroEndoCert innerhalb von 6 Monaten nach diesem Zeitpunkt mit einem Nachaudit beauftragen. Bleibt dieser Auftrag aus, erlischt das Zertifikat<\/p>\n\n\n\n<h3 class=\"wp-block-heading has-text-align-center\">(10)<\/h3>\n\n\n\n<p>Die Aufrechterhaltung des Zertifikats ist an die geb\u00fchrenpflichtige, j\u00e4hrliche, form- und fristgerechte Abgabe eines Jahresberichts (derzeit 31.3. des Folgejahres) gebunden. Bei Abweichungen der Form oder \u00dcberschreiten der Frist werden zus\u00e4tzliche Geb\u00fchren f\u00e4llig. Die Zertifizierungskommission kann dar\u00fcber hinaus ein erfolgreiches Nach-\/\u00dcberwachungsaudit beschlie\u00dfen, welches ebenfalls geb\u00fchrenpflichtig ist.<\/p>\n\n\n\n<h3 class=\"wp-block-heading has-text-align-center\">(11)<\/h3>\n\n\n\n<p>Das Zertifikat kann entzogen werden, wenn EuroEndoCert bekannt wird, dass vom Antragsteller vors\u00e4tzlich falsche Angaben gemacht werden, oder wenn Umst\u00e4nde bekannt werden, die EuroEndoCert die Aufrechterhaltung unzumutbar machen.<\/p>\n\n\n\n<h3 class=\"wp-block-heading has-text-align-center\">(12)<\/h3>\n\n\n\n<p>Erf\u00fcllungsort und Gerichtsstand ist Mannheim.<\/p>\n","protected":false},"excerpt":{"rendered":"<p>Vorbemerkung Gegenstand des Vertrags ist die \u00dcberpr\u00fcfung des Antragstellers durch EuroEndoCert, ob jener Patientinnen mit\u2026<\/p>\n","protected":false},"author":1,"featured_media":0,"parent":0,"menu_order":0,"comment_status":"closed","ping_status":"closed","template":"","meta":{"footnotes":""},"class_list":["post-152","page","type-page","status-publish","hentry"],"yoast_head":"<!-- This site is optimized with the Yoast SEO plugin v27.4 - https:\/\/yoast.com\/product\/yoast-seo-wordpress\/ -->\n<title>Gesch\u00e4ftsbedingungen - EuroEndoCert<\/title>\n<meta name=\"description\" content=\"Die Gesch\u00e4ftsbedingungen der EuroEndoCert.\" \/>\n<meta name=\"robots\" content=\"index, follow, max-snippet:-1, max-image-preview:large, max-video-preview:-1\" \/>\n<link rel=\"canonical\" href=\"https:\/\/www.euroendocert.de\/de\/geschaeftsbedingungen\/\" \/>\n<meta property=\"og:locale\" content=\"de_DE\" \/>\n<meta property=\"og:type\" content=\"article\" \/>\n<meta property=\"og:title\" content=\"Gesch\u00e4ftsbedingungen - EuroEndoCert\" \/>\n<meta property=\"og:description\" content=\"Die Gesch\u00e4ftsbedingungen der EuroEndoCert.\" \/>\n<meta property=\"og:url\" content=\"https:\/\/www.euroendocert.de\/de\/geschaeftsbedingungen\/\" \/>\n<meta property=\"og:site_name\" content=\"EuroEndoCert DE\" \/>\n<meta property=\"article:modified_time\" content=\"2026-03-05T15:48:21+00:00\" \/>\n<meta name=\"twitter:card\" content=\"summary_large_image\" \/>\n<script type=\"application\/ld+json\" class=\"yoast-schema-graph\">{\"@context\":\"https:\\\/\\\/schema.org\",\"@graph\":[{\"@type\":\"WebPage\",\"@id\":\"https:\\\/\\\/www.euroendocert.de\\\/de\\\/geschaeftsbedingungen\\\/\",\"url\":\"https:\\\/\\\/www.euroendocert.de\\\/de\\\/geschaeftsbedingungen\\\/\",\"name\":\"Gesch\u00e4ftsbedingungen - EuroEndoCert\",\"isPartOf\":{\"@id\":\"https:\\\/\\\/www.euroendocert.de\\\/de\\\/#website\"},\"datePublished\":\"2016-06-30T11:52:54+00:00\",\"dateModified\":\"2026-03-05T15:48:21+00:00\",\"description\":\"Die Gesch\u00e4ftsbedingungen der EuroEndoCert.\",\"breadcrumb\":{\"@id\":\"https:\\\/\\\/www.euroendocert.de\\\/de\\\/geschaeftsbedingungen\\\/#breadcrumb\"},\"inLanguage\":\"de\",\"potentialAction\":[{\"@type\":\"ReadAction\",\"target\":[\"https:\\\/\\\/www.euroendocert.de\\\/de\\\/geschaeftsbedingungen\\\/\"]}]},{\"@type\":\"BreadcrumbList\",\"@id\":\"https:\\\/\\\/www.euroendocert.de\\\/de\\\/geschaeftsbedingungen\\\/#breadcrumb\",\"itemListElement\":[{\"@type\":\"ListItem\",\"position\":1,\"name\":\"Startseite\",\"item\":\"https:\\\/\\\/www.euroendocert.de\\\/de\\\/\"},{\"@type\":\"ListItem\",\"position\":2,\"name\":\"Gesch\u00e4ftsbedingungen\"}]},{\"@type\":\"WebSite\",\"@id\":\"https:\\\/\\\/www.euroendocert.de\\\/de\\\/#website\",\"url\":\"https:\\\/\\\/www.euroendocert.de\\\/de\\\/\",\"name\":\"EuroEndoCert DE\",\"description\":\"Zertifizierung f\u00fcr Krankenh\u00e4user, Arztpraxen und Rehabilitationseinrichtungen\",\"potentialAction\":[{\"@type\":\"SearchAction\",\"target\":{\"@type\":\"EntryPoint\",\"urlTemplate\":\"https:\\\/\\\/www.euroendocert.de\\\/de\\\/?s={search_term_string}\"},\"query-input\":{\"@type\":\"PropertyValueSpecification\",\"valueRequired\":true,\"valueName\":\"search_term_string\"}}],\"inLanguage\":\"de\"}]}<\/script>\n<!-- \/ Yoast SEO plugin. -->","yoast_head_json":{"title":"Gesch\u00e4ftsbedingungen - EuroEndoCert","description":"Die Gesch\u00e4ftsbedingungen der EuroEndoCert.","robots":{"index":"index","follow":"follow","max-snippet":"max-snippet:-1","max-image-preview":"max-image-preview:large","max-video-preview":"max-video-preview:-1"},"canonical":"https:\/\/www.euroendocert.de\/de\/geschaeftsbedingungen\/","og_locale":"de_DE","og_type":"article","og_title":"Gesch\u00e4ftsbedingungen - EuroEndoCert","og_description":"Die Gesch\u00e4ftsbedingungen der EuroEndoCert.","og_url":"https:\/\/www.euroendocert.de\/de\/geschaeftsbedingungen\/","og_site_name":"EuroEndoCert DE","article_modified_time":"2026-03-05T15:48:21+00:00","twitter_card":"summary_large_image","schema":{"@context":"https:\/\/schema.org","@graph":[{"@type":"WebPage","@id":"https:\/\/www.euroendocert.de\/de\/geschaeftsbedingungen\/","url":"https:\/\/www.euroendocert.de\/de\/geschaeftsbedingungen\/","name":"Gesch\u00e4ftsbedingungen - EuroEndoCert","isPartOf":{"@id":"https:\/\/www.euroendocert.de\/de\/#website"},"datePublished":"2016-06-30T11:52:54+00:00","dateModified":"2026-03-05T15:48:21+00:00","description":"Die Gesch\u00e4ftsbedingungen der EuroEndoCert.","breadcrumb":{"@id":"https:\/\/www.euroendocert.de\/de\/geschaeftsbedingungen\/#breadcrumb"},"inLanguage":"de","potentialAction":[{"@type":"ReadAction","target":["https:\/\/www.euroendocert.de\/de\/geschaeftsbedingungen\/"]}]},{"@type":"BreadcrumbList","@id":"https:\/\/www.euroendocert.de\/de\/geschaeftsbedingungen\/#breadcrumb","itemListElement":[{"@type":"ListItem","position":1,"name":"Startseite","item":"https:\/\/www.euroendocert.de\/de\/"},{"@type":"ListItem","position":2,"name":"Gesch\u00e4ftsbedingungen"}]},{"@type":"WebSite","@id":"https:\/\/www.euroendocert.de\/de\/#website","url":"https:\/\/www.euroendocert.de\/de\/","name":"EuroEndoCert DE","description":"Zertifizierung f\u00fcr Krankenh\u00e4user, Arztpraxen und Rehabilitationseinrichtungen","potentialAction":[{"@type":"SearchAction","target":{"@type":"EntryPoint","urlTemplate":"https:\/\/www.euroendocert.de\/de\/?s={search_term_string}"},"query-input":{"@type":"PropertyValueSpecification","valueRequired":true,"valueName":"search_term_string"}}],"inLanguage":"de"}]}},"_links":{"self":[{"href":"https:\/\/www.euroendocert.de\/de\/wp-json\/wp\/v2\/pages\/152","targetHints":{"allow":["GET"]}}],"collection":[{"href":"https:\/\/www.euroendocert.de\/de\/wp-json\/wp\/v2\/pages"}],"about":[{"href":"https:\/\/www.euroendocert.de\/de\/wp-json\/wp\/v2\/types\/page"}],"author":[{"embeddable":true,"href":"https:\/\/www.euroendocert.de\/de\/wp-json\/wp\/v2\/users\/1"}],"replies":[{"embeddable":true,"href":"https:\/\/www.euroendocert.de\/de\/wp-json\/wp\/v2\/comments?post=152"}],"version-history":[{"count":8,"href":"https:\/\/www.euroendocert.de\/de\/wp-json\/wp\/v2\/pages\/152\/revisions"}],"predecessor-version":[{"id":1700,"href":"https:\/\/www.euroendocert.de\/de\/wp-json\/wp\/v2\/pages\/152\/revisions\/1700"}],"wp:attachment":[{"href":"https:\/\/www.euroendocert.de\/de\/wp-json\/wp\/v2\/media?parent=152"}],"curies":[{"name":"wp","href":"https:\/\/api.w.org\/{rel}","templated":true}]}}