{"id":2,"date":"2016-06-21T16:37:55","date_gmt":"2016-06-21T14:37:55","guid":{"rendered":"https:\/\/www.euroendocert.de\/de\/?page_id=2"},"modified":"2026-05-07T10:14:56","modified_gmt":"2026-05-07T08:14:56","slug":"startseite","status":"publish","type":"page","link":"https:\/\/www.euroendocert.de\/de\/","title":{"rendered":"Zertifizierung von EuroEndoCert"},"content":{"rendered":"\n<div class=\"wp-block-columns is-layout-flex wp-container-core-columns-is-layout-9d6595d7 wp-block-columns-is-layout-flex\">\n<div class=\"wp-block-column is-layout-flow wp-block-column-is-layout-flow\" style=\"flex-basis:70%\">\n<p class=\"has-medium-font-size\">EuroEndoCert wendet sich im Auftrag der Stiftung Endometrioseforschung (SEF) und der Europ\u00e4ischen Endometriose Liga (EEL) an Krankenh\u00e4user, Arztpraxen und Rehabilitationseinrichtungen, die ihre Behandlungsabl\u00e4ufe f\u00fcr Endometriosepatientinnen zertifizieren lassen m\u00f6chten.<\/p>\n<\/div>\n\n\n\n<div class=\"wp-block-column is-layout-flow wp-block-column-is-layout-flow\" style=\"flex-basis:33.33%\"><div class=\"wp-block-image\">\n<figure class=\"aligncenter size-full is-resized\"><img decoding=\"async\" src=\"https:\/\/www.euroendocert.de\/de\/wp-content\/uploads\/2016\/06\/sef-logo-small.png\" alt=\"\" class=\"wp-image-765\" style=\"width:170px\"\/><\/figure>\n<\/div>\n\n\n<div style=\"height:45px\" aria-hidden=\"true\" class=\"wp-block-spacer\"><\/div>\n\n\n<div class=\"wp-block-image\">\n<figure class=\"aligncenter size-full\"><img loading=\"lazy\" decoding=\"async\" width=\"300\" height=\"150\" src=\"https:\/\/www.euroendocert.de\/de\/wp-content\/uploads\/sites\/2\/2021\/12\/eel-logo.jpg\" alt=\"\" class=\"wp-image-1358\"\/><\/figure>\n<\/div><\/div>\n<\/div>\n\n\n\n<hr class=\"wp-block-separator has-alpha-channel-opacity is-style-endocert_light_separator\"\/>\n\n\n\n<p>Sprechen Sie uns gerne an f\u00fcr weitere Informationen:<br>Per E-Mail an <a href=\"mailto:gf@euroendocert.de\">gf@euroendocert.de<\/a> oder <a href=\"mailto:sek@euroendocert.de\">sek@euroendocert.de<\/a> oder telefonisch \u00fcber +49 1525 480 41 62.<\/p>\n","protected":false},"excerpt":{"rendered":"<p>EuroEndoCert wendet sich im Auftrag der Stiftung Endometrioseforschung (SEF) und der Europ\u00e4ischen Endometriose Liga (EEL)\u2026<\/p>\n","protected":false},"author":1,"featured_media":0,"parent":0,"menu_order":0,"comment_status":"closed","ping_status":"closed","template":"page-temporary.php","meta":{"footnotes":""},"class_list":["post-2","page","type-page","status-publish","hentry"],"yoast_head":"<!-- This site is optimized with the Yoast SEO plugin v27.5 - https:\/\/yoast.com\/product\/yoast-seo-wordpress\/ -->\n<title>EuroEndoCert - Zertifizierung von Behandlungsabl\u00e4ufen f\u00fcr Endometriose<\/title>\n<meta name=\"description\" content=\"EuroEndoCert wendet sich an Einrichtungen, die ihre Behandlungsabl\u00e4ufe f\u00fcr Endometriosepatientinnen zertifizieren lassen m\u00f6chten. Jetzt mehr erfahren!\" \/>\n<meta name=\"robots\" content=\"index, follow, max-snippet:-1, max-image-preview:large, max-video-preview:-1\" \/>\n<link rel=\"canonical\" href=\"https:\/\/www.euroendocert.de\/de\/\" \/>\n<meta property=\"og:locale\" content=\"de_DE\" \/>\n<meta property=\"og:type\" content=\"article\" \/>\n<meta property=\"og:title\" content=\"EuroEndoCert - Zertifizierung von Behandlungsabl\u00e4ufen f\u00fcr Endometriose\" \/>\n<meta property=\"og:description\" content=\"EuroEndoCert wendet sich an Einrichtungen, die ihre Behandlungsabl\u00e4ufe f\u00fcr Endometriosepatientinnen zertifizieren lassen m\u00f6chten. Jetzt mehr erfahren!\" \/>\n<meta property=\"og:url\" content=\"https:\/\/www.euroendocert.de\/de\/\" \/>\n<meta property=\"og:site_name\" content=\"EuroEndoCert DE\" \/>\n<meta property=\"article:modified_time\" content=\"2026-05-07T08:14:56+00:00\" \/>\n<meta name=\"twitter:card\" content=\"summary_large_image\" \/>\n<script type=\"application\/ld+json\" class=\"yoast-schema-graph\">{\"@context\":\"https:\\\/\\\/schema.org\",\"@graph\":[{\"@type\":\"WebPage\",\"@id\":\"https:\\\/\\\/www.euroendocert.de\\\/de\\\/\",\"url\":\"https:\\\/\\\/www.euroendocert.de\\\/de\\\/\",\"name\":\"EuroEndoCert - Zertifizierung von Behandlungsabl\u00e4ufen f\u00fcr Endometriose\",\"isPartOf\":{\"@id\":\"https:\\\/\\\/www.euroendocert.de\\\/de\\\/#website\"},\"primaryImageOfPage\":{\"@id\":\"https:\\\/\\\/www.euroendocert.de\\\/de\\\/#primaryimage\"},\"image\":{\"@id\":\"https:\\\/\\\/www.euroendocert.de\\\/de\\\/#primaryimage\"},\"thumbnailUrl\":\"https:\\\/\\\/www.euroendocert.de\\\/de\\\/wp-content\\\/uploads\\\/2016\\\/06\\\/sef-logo-small.png\",\"datePublished\":\"2016-06-21T14:37:55+00:00\",\"dateModified\":\"2026-05-07T08:14:56+00:00\",\"description\":\"EuroEndoCert wendet sich an Einrichtungen, die ihre Behandlungsabl\u00e4ufe f\u00fcr Endometriosepatientinnen zertifizieren lassen m\u00f6chten. Jetzt mehr erfahren!\",\"breadcrumb\":{\"@id\":\"https:\\\/\\\/www.euroendocert.de\\\/de\\\/#breadcrumb\"},\"inLanguage\":\"de\",\"potentialAction\":[{\"@type\":\"ReadAction\",\"target\":[\"https:\\\/\\\/www.euroendocert.de\\\/de\\\/\"]}]},{\"@type\":\"ImageObject\",\"inLanguage\":\"de\",\"@id\":\"https:\\\/\\\/www.euroendocert.de\\\/de\\\/#primaryimage\",\"url\":\"\",\"contentUrl\":\"\"},{\"@type\":\"BreadcrumbList\",\"@id\":\"https:\\\/\\\/www.euroendocert.de\\\/de\\\/#breadcrumb\",\"itemListElement\":[{\"@type\":\"ListItem\",\"position\":1,\"name\":\"Startseite\",\"item\":\"https:\\\/\\\/www.euroendocert.de\\\/de\\\/\"},{\"@type\":\"ListItem\",\"position\":2,\"name\":\"Zertifizierung von EuroEndoCert\"}]},{\"@type\":\"WebSite\",\"@id\":\"https:\\\/\\\/www.euroendocert.de\\\/de\\\/#website\",\"url\":\"https:\\\/\\\/www.euroendocert.de\\\/de\\\/\",\"name\":\"EuroEndoCert DE\",\"description\":\"Zertifizierung f\u00fcr Krankenh\u00e4user, Arztpraxen und Rehabilitationseinrichtungen\",\"potentialAction\":[{\"@type\":\"SearchAction\",\"target\":{\"@type\":\"EntryPoint\",\"urlTemplate\":\"https:\\\/\\\/www.euroendocert.de\\\/de\\\/?s={search_term_string}\"},\"query-input\":{\"@type\":\"PropertyValueSpecification\",\"valueRequired\":true,\"valueName\":\"search_term_string\"}}],\"inLanguage\":\"de\"}]}<\/script>\n<!-- \/ Yoast SEO plugin. -->","yoast_head_json":{"title":"EuroEndoCert - Zertifizierung von Behandlungsabl\u00e4ufen f\u00fcr Endometriose","description":"EuroEndoCert wendet sich an Einrichtungen, die ihre Behandlungsabl\u00e4ufe f\u00fcr Endometriosepatientinnen zertifizieren lassen m\u00f6chten. Jetzt mehr erfahren!","robots":{"index":"index","follow":"follow","max-snippet":"max-snippet:-1","max-image-preview":"max-image-preview:large","max-video-preview":"max-video-preview:-1"},"canonical":"https:\/\/www.euroendocert.de\/de\/","og_locale":"de_DE","og_type":"article","og_title":"EuroEndoCert - Zertifizierung von Behandlungsabl\u00e4ufen f\u00fcr Endometriose","og_description":"EuroEndoCert wendet sich an Einrichtungen, die ihre Behandlungsabl\u00e4ufe f\u00fcr Endometriosepatientinnen zertifizieren lassen m\u00f6chten. Jetzt mehr erfahren!","og_url":"https:\/\/www.euroendocert.de\/de\/","og_site_name":"EuroEndoCert DE","article_modified_time":"2026-05-07T08:14:56+00:00","twitter_card":"summary_large_image","schema":{"@context":"https:\/\/schema.org","@graph":[{"@type":"WebPage","@id":"https:\/\/www.euroendocert.de\/de\/","url":"https:\/\/www.euroendocert.de\/de\/","name":"EuroEndoCert - Zertifizierung von Behandlungsabl\u00e4ufen f\u00fcr Endometriose","isPartOf":{"@id":"https:\/\/www.euroendocert.de\/de\/#website"},"primaryImageOfPage":{"@id":"https:\/\/www.euroendocert.de\/de\/#primaryimage"},"image":{"@id":"https:\/\/www.euroendocert.de\/de\/#primaryimage"},"thumbnailUrl":"https:\/\/www.euroendocert.de\/de\/wp-content\/uploads\/2016\/06\/sef-logo-small.png","datePublished":"2016-06-21T14:37:55+00:00","dateModified":"2026-05-07T08:14:56+00:00","description":"EuroEndoCert wendet sich an Einrichtungen, die ihre Behandlungsabl\u00e4ufe f\u00fcr Endometriosepatientinnen zertifizieren lassen m\u00f6chten. Jetzt mehr erfahren!","breadcrumb":{"@id":"https:\/\/www.euroendocert.de\/de\/#breadcrumb"},"inLanguage":"de","potentialAction":[{"@type":"ReadAction","target":["https:\/\/www.euroendocert.de\/de\/"]}]},{"@type":"ImageObject","inLanguage":"de","@id":"https:\/\/www.euroendocert.de\/de\/#primaryimage","url":"","contentUrl":""},{"@type":"BreadcrumbList","@id":"https:\/\/www.euroendocert.de\/de\/#breadcrumb","itemListElement":[{"@type":"ListItem","position":1,"name":"Startseite","item":"https:\/\/www.euroendocert.de\/de\/"},{"@type":"ListItem","position":2,"name":"Zertifizierung von EuroEndoCert"}]},{"@type":"WebSite","@id":"https:\/\/www.euroendocert.de\/de\/#website","url":"https:\/\/www.euroendocert.de\/de\/","name":"EuroEndoCert DE","description":"Zertifizierung f\u00fcr Krankenh\u00e4user, Arztpraxen und Rehabilitationseinrichtungen","potentialAction":[{"@type":"SearchAction","target":{"@type":"EntryPoint","urlTemplate":"https:\/\/www.euroendocert.de\/de\/?s={search_term_string}"},"query-input":{"@type":"PropertyValueSpecification","valueRequired":true,"valueName":"search_term_string"}}],"inLanguage":"de"}]}},"_links":{"self":[{"href":"https:\/\/www.euroendocert.de\/de\/wp-json\/wp\/v2\/pages\/2","targetHints":{"allow":["GET"]}}],"collection":[{"href":"https:\/\/www.euroendocert.de\/de\/wp-json\/wp\/v2\/pages"}],"about":[{"href":"https:\/\/www.euroendocert.de\/de\/wp-json\/wp\/v2\/types\/page"}],"author":[{"embeddable":true,"href":"https:\/\/www.euroendocert.de\/de\/wp-json\/wp\/v2\/users\/1"}],"replies":[{"embeddable":true,"href":"https:\/\/www.euroendocert.de\/de\/wp-json\/wp\/v2\/comments?post=2"}],"version-history":[{"count":89,"href":"https:\/\/www.euroendocert.de\/de\/wp-json\/wp\/v2\/pages\/2\/revisions"}],"predecessor-version":[{"id":1740,"href":"https:\/\/www.euroendocert.de\/de\/wp-json\/wp\/v2\/pages\/2\/revisions\/1740"}],"wp:attachment":[{"href":"https:\/\/www.euroendocert.de\/de\/wp-json\/wp\/v2\/media?parent=2"}],"curies":[{"name":"wp","href":"https:\/\/api.w.org\/{rel}","templated":true}]}}