{"id":382,"date":"2016-07-04T12:00:16","date_gmt":"2016-07-04T10:00:16","guid":{"rendered":"https:\/\/www.euroendocert.de\/de\/?page_id=382"},"modified":"2026-03-05T16:50:04","modified_gmt":"2026-03-05T15:50:04","slug":"haeufig-gestellte-fragen","status":"publish","type":"page","link":"https:\/\/www.euroendocert.de\/de\/haeufig-gestellte-fragen\/","title":{"rendered":"H\u00e4ufig gestellte Fragen"},"content":{"rendered":"\n<div class=\"panel panel--content border--blue\">\n    \n\n<p><a href=\"#um-was-muss-ich-mich-kuemmern\" id=\"#um-was-muss-ich-mich-kuemmern\">Ich habe mein Zertifikat von SEF und EEL bekommen. Muss ich mich um etwas k\u00fcmmern?<\/a><\/p>\n\n\n\n<hr class=\"wp-block-separator has-alpha-channel-opacity is-style-endocert_light_separator\"\/>\n\n\n\n<p><a href=\"#zertifikat-was-muss-ich-tun\" id=\"#zertifikat-was-muss-ich-tun\">Ich m\u00f6chte mich erstmals zertifizieren lassen, was muss ich tun?<\/a><\/p>\n\n\n\n<hr class=\"wp-block-separator has-alpha-channel-opacity is-style-endocert_light_separator\"\/>\n\n\n\n<p><a href=\"#ansprechpartner-jahresbericht\" id=\"#ansprechpartner-jahresbericht\">Wo erhalte ich die Dokumentvorlage f\u00fcr den aktuellen Jahresbericht und an wen richte ich in Zukunft den Jahresbericht?<\/a><\/p>\n\n\n\n<hr class=\"wp-block-separator has-alpha-channel-opacity is-style-endocert_light_separator\"\/>\n\n\n\n<p><a href=\"#zertifikatsvergabe\" id=\"#zertifikatsvergabe\">Wer entscheidet \u00fcber die Zertifikatsvergabe?<\/a><\/p>\n\n\n\n<hr class=\"wp-block-separator has-alpha-channel-opacity is-style-endocert_light_separator\"\/>\n\n\n\n<p><a href=\"#votum-anfechtbar\" id=\"#votum-anfechtbar\">Kann ich das Votum anfechten?<\/a><\/p>\n\n\n\n<hr class=\"wp-block-separator has-alpha-channel-opacity is-style-endocert_light_separator\"\/>\n\n\n\n<p><a href=\"#fallzahl\" id=\"#fallzahl\">Wir haben das Zentrum gerade erst gegr\u00fcndet und erreichen noch nicht die geforderte Fallzahl f\u00fcr ein &#8222;klinisches Zentrum&#8220;. Was k\u00f6nnen wir tun?<\/a><\/p>\n\n\n\n<hr class=\"wp-block-separator has-alpha-channel-opacity is-style-endocert_light_separator\"\/>\n\n\n\n<p><a href=\"#auditor-aussuchbar\" id=\"#auditor-aussuchbar\">Kann ich meinen Auditor aussuchen?<\/a><\/p>\n\n\n<\/div>\n\n\n<div class=\"panel panel--content border--orange\">\n    \n\n<h5 class=\"wp-block-heading\" id=\"um-was-muss-ich-mich-kuemmern\">Ich habe mein Zertifikat von SEF und EEL bekommen. Muss ich mich um etwas k\u00fcmmern?<\/h5>\n\n\n\n<p>Nein, das Zertifikat ist zu den urspr\u00fcnglichen Bedingungen entsprechend der aufgef\u00fchrten Dauer g\u00fcltig. EuroEndoCert meldet sich bei Ihnen rechtzeitig vor Ablauf Ihres Zertifikats. Senden Sie uns auch f\u00fcr Ihre Rezertifizierung Ihre Voranfrage. Diese finden Sie <a href=\"https:\/\/www.euroendocert.de\/de\/voranfrage\/\">hier<\/a>.<\/p>\n\n\n\n<p class=\"has-text-align-right\"><a href=\"#top\">Zum Anfang \u2191<\/a><\/p>\n\n\n<\/div>\n\n\n<div class=\"panel panel--content border--orange\">\n    \n\n<h5 class=\"wp-block-heading\" id=\"zertifikat-was-muss-ich-tun\">Ich m\u00f6chte mich erstmals zertifizieren lassen, was muss ich tun?<\/h5>\n\n\n\n<p>Das Kontaktformular f\u00fcr eine unverbindliche Voranfrage finden Sie <a href=\"https:\/\/www.euroendocert.de\/de\/voranfrage\/\">hier<\/a>.<\/p>\n\n\n\n<p class=\"has-text-align-right\"><a href=\"#top\">Zum Anfang \u2191<\/a><\/p>\n\n\n<\/div>\n\n\n<div class=\"panel panel--content border--orange\">\n    \n\n<h5 class=\"wp-block-heading\" id=\"ansprechpartner-jahresbericht\">Wo erhalte ich die Dokumentvorlage f\u00fcr den aktuellen Jahresbericht und an wen richte ich in Zukunft den Jahresbericht?<\/h5>\n\n\n\n<p>Sie finden alle aktuellen Dokumentvorlagen f\u00fcr Ihren Jahresbericht auf unserer Website unter Anforderungen\/Kriterien\/Dokumente. Gerne k\u00f6nnen Sie sich auch hierzu an unsere Gesch\u00e4ftsstelle wenden: <a href=\"mailto:sek@euroendocert.de\">sek@euroendocert.de<\/a><\/p>\n\n\n\n<p>Ebenso k\u00f6nnen Sie diesen auf der Seite der SEF unter Dokumentationspflichten einsehen:<\/p>\n\n\n\n<p><a href=\"https:\/\/www.endometriose-sef.de\/aktivitaeten\/zertifizierung\/\">Stiftung Endometriose-Forschung Dokumentationspflichten<\/a><\/p>\n\n\n\n<p>Bitte senden Sie Ihren Jahresbericht an EuroEndoCert, per E-Mail an <a href=\"mailto:sek@euroendocert.de\">sek@euroendocert.de<\/a>. <strong>Stichtag ist der 31.3.<\/strong> des jeweiligen Folgejahres. Bitte beachten Sie vorab die Anforderungen an den Jahresbericht. Berichte, die diesen Anforderungen nicht gen\u00fcgen, gelten als nicht abgegeben.<\/p>\n\n\n\n<p class=\"has-text-align-right\"><a href=\"#top\">Zum Anfang \u2191<\/a><\/p>\n\n\n<\/div>\n\n\n<div class=\"panel panel--content border--orange\">\n    \n\n<h5 class=\"wp-block-heading\" id=\"zertifikatsvergabe\">Wer entscheidet \u00fcber die Zertifikatsvergabe?<\/h5>\n\n\n\n<p>Die Auditoren schreiben einen Bericht mit einer entsprechenden Empfehlung zur Zertifikatserteilung. Die endg\u00fcltige Entscheidung obliegt der Zertifizierungskommission der Stiftung Endometriose-Forschung. Diese entscheidet mit Votum \u00fcber die Erteilung des Zertifikats. Hierbei werden gemeinsam mit dem Auditor und der Zertifizierungskommission bei nicht eindeutigen Entscheidungen offene Fragen er\u00f6rtert und das abschlie\u00dfende Ergebnis der Zertifizierungskommission der Gesch\u00e4ftsstelle mitgeteilt, welches dann bindend ist.<\/p>\n\n\n\n<p class=\"has-text-align-right\"><a href=\"#top\">Zum Anfang \u2191<\/a><\/p>\n\n\n<\/div>\n\n\n<div class=\"panel panel--content border--orange\">\n    \n\n<h5 class=\"wp-block-heading\" id=\"votum-anfechtbar\">Kann ich das Votum anfechten?<\/h5>\n\n\n\n<p>Wir geben im Zweifelsfall Ihre Argumente an die ganze Zertifizierungskommission weiter. Ein Anspruch auf die Vergabe eines bestimmten Zertifikats besteht allerdings nicht.<\/p>\n\n\n\n<p class=\"has-text-align-right\"><a href=\"#top\">Zum Anfang \u2191<\/a><\/p>\n\n\n<\/div>\n\n\n<div class=\"panel panel--content border--orange\">\n    \n\n<h5 class=\"wp-block-heading\" id=\"fallzahl\">Wir haben das Zentrum gerade erst gegr\u00fcndet und erreichen noch nicht die geforderte Fallzahl f\u00fcr ein &#8222;Zertifiziertes Endometriosezentrum&#8220;. Was k\u00f6nnen wir tun?<\/h5>\n\n\n\n<p>Sehen Sie zun\u00e4chst nach, ob sie alle Hysterektomien eingebracht haben, die Sie einbringen k\u00f6nnen. Voraussetzung ist, dass die Indikation Hyper- oder Dysmenorrh\u00f6 war und dass in der Histologie eine Adenomyose nachgewiesen wurde. Bei allen anderen Operationen muss eine Histologie entnommen worden sein und diese muss in 80% der F\u00e4lle die Endometriose nachweisen.<\/p>\n\n\n\n<p>Sie k\u00f6nnen sich auch zun\u00e4chst als &#8222;Zertifizierte Endometrioseklinik&#8220; zertifizieren lassen, wenn Sie die entsprechenden Anforderungen erf\u00fcllen und Ihr Netzwerk mit einem &#8222;Zertifizierten Endometriosezentrum&#8220; kooperiert.<\/p>\n\n\n\n<p>Wenn Sie sp\u00e4ter die erforderlichen Zahlen f\u00fcr ein &#8222;Zertifiziertes Endometriosezentrum&#8220; erreicht haben, werden wir entscheiden, ob ein weiteres Audit erforderlich ist. In der Regel steigen die Patientenzahlen nach eine Zertifizierung sp\u00fcrbar an.<\/p>\n\n\n\n<p class=\"has-text-align-right\"><a href=\"#top\">Zum Anfang \u2191<\/a><\/p>\n\n\n<\/div>\n\n\n<div class=\"panel panel--content border--orange\">\n    \n\n<h5 class=\"wp-block-heading\" id=\"auditor-aussuchbar\">Kann ich meinen Auditor aussuchen?<\/h5>\n\n\n\n<p>Grunds\u00e4tzlich nicht, wir versuchen aber, Interessenkonflikte zu vermeiden und etwaige Probleme im Gespr\u00e4ch zu kl\u00e4ren.<\/p>\n\n\n\n<p class=\"has-text-align-right\"><a href=\"#top\">Zum Anfang \u2191<\/a><\/p>\n\n\n<\/div>","protected":false},"excerpt":{"rendered":"","protected":false},"author":1,"featured_media":0,"parent":0,"menu_order":0,"comment_status":"closed","ping_status":"closed","template":"","meta":{"footnotes":""},"class_list":["post-382","page","type-page","status-publish","hentry"],"yoast_head":"<!-- This site is optimized with the Yoast SEO plugin v27.4 - https:\/\/yoast.com\/product\/yoast-seo-wordpress\/ -->\n<title>H\u00e4ufig gestellte Fragen - EuroEndoCert<\/title>\n<meta name=\"description\" content=\"H\u00e4ufig gestellte Fragen zum zertifizierungsverfahren von EuroEndoCert.\" \/>\n<meta name=\"robots\" content=\"index, follow, max-snippet:-1, max-image-preview:large, max-video-preview:-1\" \/>\n<link rel=\"canonical\" href=\"https:\/\/www.euroendocert.de\/de\/haeufig-gestellte-fragen\/\" \/>\n<meta property=\"og:locale\" content=\"de_DE\" \/>\n<meta property=\"og:type\" content=\"article\" \/>\n<meta property=\"og:title\" content=\"H\u00e4ufig gestellte Fragen - EuroEndoCert\" \/>\n<meta property=\"og:description\" content=\"H\u00e4ufig gestellte Fragen zum zertifizierungsverfahren von EuroEndoCert.\" \/>\n<meta property=\"og:url\" content=\"https:\/\/www.euroendocert.de\/de\/haeufig-gestellte-fragen\/\" \/>\n<meta property=\"og:site_name\" content=\"EuroEndoCert DE\" \/>\n<meta property=\"article:modified_time\" content=\"2026-03-05T15:50:04+00:00\" \/>\n<meta name=\"twitter:card\" content=\"summary_large_image\" \/>\n<script type=\"application\/ld+json\" class=\"yoast-schema-graph\">{\"@context\":\"https:\\\/\\\/schema.org\",\"@graph\":[{\"@type\":\"WebPage\",\"@id\":\"https:\\\/\\\/www.euroendocert.de\\\/de\\\/haeufig-gestellte-fragen\\\/\",\"url\":\"https:\\\/\\\/www.euroendocert.de\\\/de\\\/haeufig-gestellte-fragen\\\/\",\"name\":\"H\u00e4ufig gestellte Fragen - EuroEndoCert\",\"isPartOf\":{\"@id\":\"https:\\\/\\\/www.euroendocert.de\\\/de\\\/#website\"},\"datePublished\":\"2016-07-04T10:00:16+00:00\",\"dateModified\":\"2026-03-05T15:50:04+00:00\",\"description\":\"H\u00e4ufig gestellte Fragen zum zertifizierungsverfahren von EuroEndoCert.\",\"breadcrumb\":{\"@id\":\"https:\\\/\\\/www.euroendocert.de\\\/de\\\/haeufig-gestellte-fragen\\\/#breadcrumb\"},\"inLanguage\":\"de\",\"potentialAction\":[{\"@type\":\"ReadAction\",\"target\":[\"https:\\\/\\\/www.euroendocert.de\\\/de\\\/haeufig-gestellte-fragen\\\/\"]}]},{\"@type\":\"BreadcrumbList\",\"@id\":\"https:\\\/\\\/www.euroendocert.de\\\/de\\\/haeufig-gestellte-fragen\\\/#breadcrumb\",\"itemListElement\":[{\"@type\":\"ListItem\",\"position\":1,\"name\":\"Startseite\",\"item\":\"https:\\\/\\\/www.euroendocert.de\\\/de\\\/\"},{\"@type\":\"ListItem\",\"position\":2,\"name\":\"H\u00e4ufig gestellte Fragen\"}]},{\"@type\":\"WebSite\",\"@id\":\"https:\\\/\\\/www.euroendocert.de\\\/de\\\/#website\",\"url\":\"https:\\\/\\\/www.euroendocert.de\\\/de\\\/\",\"name\":\"EuroEndoCert DE\",\"description\":\"Zertifizierung f\u00fcr Krankenh\u00e4user, Arztpraxen und Rehabilitationseinrichtungen\",\"potentialAction\":[{\"@type\":\"SearchAction\",\"target\":{\"@type\":\"EntryPoint\",\"urlTemplate\":\"https:\\\/\\\/www.euroendocert.de\\\/de\\\/?s={search_term_string}\"},\"query-input\":{\"@type\":\"PropertyValueSpecification\",\"valueRequired\":true,\"valueName\":\"search_term_string\"}}],\"inLanguage\":\"de\"}]}<\/script>\n<!-- \/ Yoast SEO plugin. -->","yoast_head_json":{"title":"H\u00e4ufig gestellte Fragen - EuroEndoCert","description":"H\u00e4ufig gestellte Fragen zum zertifizierungsverfahren von EuroEndoCert.","robots":{"index":"index","follow":"follow","max-snippet":"max-snippet:-1","max-image-preview":"max-image-preview:large","max-video-preview":"max-video-preview:-1"},"canonical":"https:\/\/www.euroendocert.de\/de\/haeufig-gestellte-fragen\/","og_locale":"de_DE","og_type":"article","og_title":"H\u00e4ufig gestellte Fragen - EuroEndoCert","og_description":"H\u00e4ufig gestellte Fragen zum zertifizierungsverfahren von EuroEndoCert.","og_url":"https:\/\/www.euroendocert.de\/de\/haeufig-gestellte-fragen\/","og_site_name":"EuroEndoCert DE","article_modified_time":"2026-03-05T15:50:04+00:00","twitter_card":"summary_large_image","schema":{"@context":"https:\/\/schema.org","@graph":[{"@type":"WebPage","@id":"https:\/\/www.euroendocert.de\/de\/haeufig-gestellte-fragen\/","url":"https:\/\/www.euroendocert.de\/de\/haeufig-gestellte-fragen\/","name":"H\u00e4ufig gestellte Fragen - EuroEndoCert","isPartOf":{"@id":"https:\/\/www.euroendocert.de\/de\/#website"},"datePublished":"2016-07-04T10:00:16+00:00","dateModified":"2026-03-05T15:50:04+00:00","description":"H\u00e4ufig gestellte Fragen zum zertifizierungsverfahren von EuroEndoCert.","breadcrumb":{"@id":"https:\/\/www.euroendocert.de\/de\/haeufig-gestellte-fragen\/#breadcrumb"},"inLanguage":"de","potentialAction":[{"@type":"ReadAction","target":["https:\/\/www.euroendocert.de\/de\/haeufig-gestellte-fragen\/"]}]},{"@type":"BreadcrumbList","@id":"https:\/\/www.euroendocert.de\/de\/haeufig-gestellte-fragen\/#breadcrumb","itemListElement":[{"@type":"ListItem","position":1,"name":"Startseite","item":"https:\/\/www.euroendocert.de\/de\/"},{"@type":"ListItem","position":2,"name":"H\u00e4ufig gestellte Fragen"}]},{"@type":"WebSite","@id":"https:\/\/www.euroendocert.de\/de\/#website","url":"https:\/\/www.euroendocert.de\/de\/","name":"EuroEndoCert DE","description":"Zertifizierung f\u00fcr Krankenh\u00e4user, Arztpraxen und Rehabilitationseinrichtungen","potentialAction":[{"@type":"SearchAction","target":{"@type":"EntryPoint","urlTemplate":"https:\/\/www.euroendocert.de\/de\/?s={search_term_string}"},"query-input":{"@type":"PropertyValueSpecification","valueRequired":true,"valueName":"search_term_string"}}],"inLanguage":"de"}]}},"_links":{"self":[{"href":"https:\/\/www.euroendocert.de\/de\/wp-json\/wp\/v2\/pages\/382","targetHints":{"allow":["GET"]}}],"collection":[{"href":"https:\/\/www.euroendocert.de\/de\/wp-json\/wp\/v2\/pages"}],"about":[{"href":"https:\/\/www.euroendocert.de\/de\/wp-json\/wp\/v2\/types\/page"}],"author":[{"embeddable":true,"href":"https:\/\/www.euroendocert.de\/de\/wp-json\/wp\/v2\/users\/1"}],"replies":[{"embeddable":true,"href":"https:\/\/www.euroendocert.de\/de\/wp-json\/wp\/v2\/comments?post=382"}],"version-history":[{"count":66,"href":"https:\/\/www.euroendocert.de\/de\/wp-json\/wp\/v2\/pages\/382\/revisions"}],"predecessor-version":[{"id":1701,"href":"https:\/\/www.euroendocert.de\/de\/wp-json\/wp\/v2\/pages\/382\/revisions\/1701"}],"wp:attachment":[{"href":"https:\/\/www.euroendocert.de\/de\/wp-json\/wp\/v2\/media?parent=382"}],"curies":[{"name":"wp","href":"https:\/\/api.w.org\/{rel}","templated":true}]}}