{"id":4,"date":"2016-06-21T16:46:01","date_gmt":"2016-06-21T14:46:01","guid":{"rendered":"https:\/\/www.euroendocert.de\/de\/?page_id=4"},"modified":"2026-03-16T14:04:22","modified_gmt":"2026-03-16T13:04:22","slug":"ueber-euroendocert","status":"publish","type":"page","link":"https:\/\/www.euroendocert.de\/de\/ueber-euroendocert\/","title":{"rendered":"\u00dcber EuroEndoCert"},"content":{"rendered":"\n<p class=\"has-medium-font-size\">EuroEndoCert GmbH ist ein \u00e4rztlich gef\u00fchrtes Dienstleistungsunternehmen.<\/p>\n\n\n\n<p>Interessierten Einrichtungen, die Patientinnen mit Endometriose behandeln, bieten wir ein standardisiertes, strukturiertes und transparentes Zertifizierungsverfahren mit geschulten Auditoren und einer leistungsf\u00e4higen Gesch\u00e4ftsstelle an. Die Kommunikation l\u00e4uft im Regelfall elektronisch \u00fcber diese Plattform ab.<\/p>\n\n\n\n<h2 class=\"wp-block-heading\">Ihre Ansprechpartnerin<\/h2>\n\n\n\n<div class=\"panel panel--content \">\n    \n\n<div class=\"wp-block-columns is-layout-flex wp-container-core-columns-is-layout-9d6595d7 wp-block-columns-is-layout-flex\">\n<div class=\"wp-block-column is-layout-flow wp-block-column-is-layout-flow\">\n<figure class=\"wp-block-image size-full\"><img loading=\"lazy\" decoding=\"async\" width=\"600\" height=\"650\" src=\"https:\/\/www.euroendocert.de\/de\/wp-content\/uploads\/sites\/2\/2026\/03\/euroendocert-ansprechpartnerin.jpg\" alt=\"\" class=\"wp-image-1734\" srcset=\"https:\/\/www.euroendocert.de\/de\/wp-content\/uploads\/sites\/2\/2026\/03\/euroendocert-ansprechpartnerin.jpg 600w, https:\/\/www.euroendocert.de\/de\/wp-content\/uploads\/sites\/2\/2026\/03\/euroendocert-ansprechpartnerin-277x300.jpg 277w\" sizes=\"auto, (max-width: 600px) 100vw, 600px\" \/><\/figure>\n<\/div>\n\n\n\n<div class=\"wp-block-column is-layout-flow wp-block-column-is-layout-flow\">\n<p>Unsere Assistentin leitet unsere Gesch\u00e4ftsstelle und ist zust\u00e4ndig f\u00fcr das Alltagsgesch\u00e4ft. Sie hilft Ihnen gerne bei Fragen rund um Auditplanung, Kostenvoranschl\u00e4ge und Rechnungsstellung. Sie erreichen Sie telefonisch nachmittags unter<br><a href=\"tel:+4915254804162\">+49 1525 480 41 62<\/a>.<\/p>\n\n\n\n<p class=\"has-text-align-right\"><a href=\"mailto:sek@euroendocert.de\">E-Mail senden<\/a><\/p>\n<\/div>\n<\/div>\n\n\n<\/div>\n\n\n<div class=\"wp-block-columns is-layout-flex wp-container-core-columns-is-layout-9d6595d7 wp-block-columns-is-layout-flex\">\n<div class=\"wp-block-column is-layout-flow wp-block-column-is-layout-flow\">\n<div class=\"panel panel--content \">\n    \n\n<h4 class=\"wp-block-heading\">Zertifizierungskommission<\/h4>\n\n\n\n<p>Die Zertifizierungskommission \u00fcberwacht den Zertifizierungsprozess und erteilt das Zertifikat.<\/p>\n\n\n\n<h5 class=\"wp-block-heading\">Vorsitzender:<\/h5>\n\n\n\n<ul class=\"wp-block-list\">\n<li>Prof. Dr. med. Dr. h. c. Karl-Werner Schweppe<\/li>\n<\/ul>\n\n\n\n<h5 class=\"wp-block-heading\">Mitglieder:<\/h5>\n\n\n\n<ul class=\"wp-block-list\">\n<li>Prof. Dr. med. M. W. Beckmann<\/li>\n\n\n\n<li>Prof. Dr. med. Dr. phil A. D. Ebert<\/li>\n\n\n\n<li>Prof. Dr. med. J. Keckstein<\/li>\n\n\n\n<li>Prof. Dr. med. I. Meinhold-Heerlein<\/li>\n\n\n\n<li>Prof. Dr. med. M. M\u00fcller<\/li>\n\n\n\n<li>Prof. Dr. med. U. A. Ulrich<\/li>\n\n\n\n<li>Prof. Dr. med. L. Mettler (ehrenhalber)<\/li>\n\n\n\n<li>Prof. Dr. med. H. Tinneberg<\/li>\n<\/ul>\n\n\n<\/div><\/div>\n\n\n\n<div class=\"wp-block-column is-layout-flow wp-block-column-is-layout-flow\">\n<div class=\"panel panel--content \">\n    \n\n<h4 class=\"wp-block-heading\">Auditorenkollegium<\/h4>\n\n\n\n<p>Die Auditorinnen und Auditoren f\u00fchren das Audit bei Ihnen durch.<\/p>\n\n\n\n<h5 class=\"wp-block-heading\">Mitglieder:<\/h5>\n\n\n\n<ul class=\"wp-block-list\">\n<li>Priv. &#8211; Doz. Dr. med. O. Buchweitz<\/li>\n\n\n\n<li>Priv. &#8211; Doz. Dr. med. S. Burghaus<\/li>\n\n\n\n<li>MUDr. R. Chvatal<\/li>\n\n\n\n<li>Dr. med. B. Haj Hamoud<\/li>\n\n\n\n<li>Priv.- Doz. Dr. med. S. Imboden<\/li>\n\n\n\n<li>Prof. Dr. B. med. Kr\u00e4mer<\/li>\n\n\n\n<li>Prof. Dr. S. med. Mechsner<\/li>\n\n\n\n<li>M. Mierzwinski<\/li>\n\n\n\n<li>Prof. Dr. med. A. M\u00fcller<\/li>\n\n\n\n<li>Dr. med. A. Noppe<\/li>\n\n\n\n<li>J. Olek<\/li>\n\n\n\n<li>Prof. Dr. med. S. Renner<\/li>\n\n\n\n<li>Priv. &#8211; Doz. Dr. med. S. Rimbach<\/li>\n\n\n\n<li>Priv. &#8211; Doz. Dr. med.&nbsp; D. Salehin<\/li>\n\n\n\n<li>Dr. med. S. Sch\u00e4fer<\/li>\n\n\n\n<li>Prof. Dr. med. M. Sillem<\/li>\n\n\n\n<li>Dr. med. C. Stock<\/li>\n<\/ul>\n\n\n<\/div><\/div>\n<\/div>\n","protected":false},"excerpt":{"rendered":"<p>EuroEndoCert GmbH ist ein \u00e4rztlich gef\u00fchrtes Dienstleistungsunternehmen. Interessierten Einrichtungen, die Patientinnen mit Endometriose behandeln, bieten\u2026<\/p>\n","protected":false},"author":1,"featured_media":0,"parent":0,"menu_order":0,"comment_status":"closed","ping_status":"closed","template":"","meta":{"footnotes":""},"class_list":["post-4","page","type-page","status-publish","hentry"],"yoast_head":"<!-- This site is optimized with the Yoast SEO plugin v27.3 - https:\/\/yoast.com\/product\/yoast-seo-wordpress\/ -->\n<title>\u00dcber EuroEndoCert: Zertifizierung von Behandlungsabl\u00e4ufen<\/title>\n<meta name=\"description\" content=\"EuroEndoCert bietet Interessierten Einrichtungen ein standardisiertes, strukturiertes und transparentes Zertifizierungsverfahren mit geschulten Auditoren.\" \/>\n<meta name=\"robots\" content=\"index, follow, max-snippet:-1, max-image-preview:large, max-video-preview:-1\" \/>\n<link rel=\"canonical\" href=\"https:\/\/www.euroendocert.de\/de\/ueber-euroendocert\/\" \/>\n<meta property=\"og:locale\" content=\"de_DE\" \/>\n<meta property=\"og:type\" content=\"article\" \/>\n<meta property=\"og:title\" content=\"\u00dcber EuroEndoCert: Zertifizierung von Behandlungsabl\u00e4ufen\" \/>\n<meta property=\"og:description\" content=\"EuroEndoCert bietet Interessierten Einrichtungen ein standardisiertes, strukturiertes und transparentes Zertifizierungsverfahren mit geschulten Auditoren.\" \/>\n<meta property=\"og:url\" content=\"https:\/\/www.euroendocert.de\/de\/ueber-euroendocert\/\" \/>\n<meta property=\"og:site_name\" content=\"EuroEndoCert DE\" \/>\n<meta property=\"article:modified_time\" content=\"2026-03-16T13:04:22+00:00\" \/>\n<meta property=\"og:image\" content=\"https:\/\/www.euroendocert.de\/de\/wp-content\/uploads\/sites\/2\/2026\/03\/euroendocert-ansprechpartnerin.jpg\" \/>\n\t<meta property=\"og:image:width\" content=\"600\" \/>\n\t<meta property=\"og:image:height\" content=\"650\" \/>\n\t<meta property=\"og:image:type\" content=\"image\/jpeg\" \/>\n<meta name=\"twitter:card\" content=\"summary_large_image\" \/>\n<script type=\"application\/ld+json\" class=\"yoast-schema-graph\">{\"@context\":\"https:\\\/\\\/schema.org\",\"@graph\":[{\"@type\":\"WebPage\",\"@id\":\"https:\\\/\\\/www.euroendocert.de\\\/de\\\/ueber-euroendocert\\\/\",\"url\":\"https:\\\/\\\/www.euroendocert.de\\\/de\\\/ueber-euroendocert\\\/\",\"name\":\"\u00dcber EuroEndoCert: Zertifizierung von Behandlungsabl\u00e4ufen\",\"isPartOf\":{\"@id\":\"https:\\\/\\\/www.euroendocert.de\\\/de\\\/#website\"},\"primaryImageOfPage\":{\"@id\":\"https:\\\/\\\/www.euroendocert.de\\\/de\\\/ueber-euroendocert\\\/#primaryimage\"},\"image\":{\"@id\":\"https:\\\/\\\/www.euroendocert.de\\\/de\\\/ueber-euroendocert\\\/#primaryimage\"},\"thumbnailUrl\":\"https:\\\/\\\/www.euroendocert.de\\\/de\\\/wp-content\\\/uploads\\\/sites\\\/2\\\/2026\\\/03\\\/euroendocert-ansprechpartnerin.jpg\",\"datePublished\":\"2016-06-21T14:46:01+00:00\",\"dateModified\":\"2026-03-16T13:04:22+00:00\",\"description\":\"EuroEndoCert bietet Interessierten Einrichtungen ein standardisiertes, strukturiertes und transparentes Zertifizierungsverfahren mit geschulten Auditoren.\",\"breadcrumb\":{\"@id\":\"https:\\\/\\\/www.euroendocert.de\\\/de\\\/ueber-euroendocert\\\/#breadcrumb\"},\"inLanguage\":\"de\",\"potentialAction\":[{\"@type\":\"ReadAction\",\"target\":[\"https:\\\/\\\/www.euroendocert.de\\\/de\\\/ueber-euroendocert\\\/\"]}]},{\"@type\":\"ImageObject\",\"inLanguage\":\"de\",\"@id\":\"https:\\\/\\\/www.euroendocert.de\\\/de\\\/ueber-euroendocert\\\/#primaryimage\",\"url\":\"https:\\\/\\\/www.euroendocert.de\\\/de\\\/wp-content\\\/uploads\\\/sites\\\/2\\\/2026\\\/03\\\/euroendocert-ansprechpartnerin.jpg\",\"contentUrl\":\"https:\\\/\\\/www.euroendocert.de\\\/de\\\/wp-content\\\/uploads\\\/sites\\\/2\\\/2026\\\/03\\\/euroendocert-ansprechpartnerin.jpg\",\"width\":600,\"height\":650,\"caption\":\"Portr\u00e4t einer l\u00e4chelnden Assistentin mit kurzer blonder Frisur, schwarzer Brille und wei\u00dfer Bluse vor neutralem Hintergrund.\"},{\"@type\":\"BreadcrumbList\",\"@id\":\"https:\\\/\\\/www.euroendocert.de\\\/de\\\/ueber-euroendocert\\\/#breadcrumb\",\"itemListElement\":[{\"@type\":\"ListItem\",\"position\":1,\"name\":\"Startseite\",\"item\":\"https:\\\/\\\/www.euroendocert.de\\\/de\\\/\"},{\"@type\":\"ListItem\",\"position\":2,\"name\":\"\u00dcber EuroEndoCert\"}]},{\"@type\":\"WebSite\",\"@id\":\"https:\\\/\\\/www.euroendocert.de\\\/de\\\/#website\",\"url\":\"https:\\\/\\\/www.euroendocert.de\\\/de\\\/\",\"name\":\"EuroEndoCert DE\",\"description\":\"Zertifizierung f\u00fcr Krankenh\u00e4user, Arztpraxen und Rehabilitationseinrichtungen\",\"potentialAction\":[{\"@type\":\"SearchAction\",\"target\":{\"@type\":\"EntryPoint\",\"urlTemplate\":\"https:\\\/\\\/www.euroendocert.de\\\/de\\\/?s={search_term_string}\"},\"query-input\":{\"@type\":\"PropertyValueSpecification\",\"valueRequired\":true,\"valueName\":\"search_term_string\"}}],\"inLanguage\":\"de\"}]}<\/script>\n<!-- \/ Yoast SEO plugin. -->","yoast_head_json":{"title":"\u00dcber EuroEndoCert: Zertifizierung von Behandlungsabl\u00e4ufen","description":"EuroEndoCert bietet Interessierten Einrichtungen ein standardisiertes, strukturiertes und transparentes Zertifizierungsverfahren mit geschulten Auditoren.","robots":{"index":"index","follow":"follow","max-snippet":"max-snippet:-1","max-image-preview":"max-image-preview:large","max-video-preview":"max-video-preview:-1"},"canonical":"https:\/\/www.euroendocert.de\/de\/ueber-euroendocert\/","og_locale":"de_DE","og_type":"article","og_title":"\u00dcber EuroEndoCert: Zertifizierung von Behandlungsabl\u00e4ufen","og_description":"EuroEndoCert bietet Interessierten Einrichtungen ein standardisiertes, strukturiertes und transparentes Zertifizierungsverfahren mit geschulten Auditoren.","og_url":"https:\/\/www.euroendocert.de\/de\/ueber-euroendocert\/","og_site_name":"EuroEndoCert DE","article_modified_time":"2026-03-16T13:04:22+00:00","og_image":[{"width":600,"height":650,"url":"https:\/\/www.euroendocert.de\/de\/wp-content\/uploads\/sites\/2\/2026\/03\/euroendocert-ansprechpartnerin.jpg","type":"image\/jpeg"}],"twitter_card":"summary_large_image","schema":{"@context":"https:\/\/schema.org","@graph":[{"@type":"WebPage","@id":"https:\/\/www.euroendocert.de\/de\/ueber-euroendocert\/","url":"https:\/\/www.euroendocert.de\/de\/ueber-euroendocert\/","name":"\u00dcber EuroEndoCert: Zertifizierung von Behandlungsabl\u00e4ufen","isPartOf":{"@id":"https:\/\/www.euroendocert.de\/de\/#website"},"primaryImageOfPage":{"@id":"https:\/\/www.euroendocert.de\/de\/ueber-euroendocert\/#primaryimage"},"image":{"@id":"https:\/\/www.euroendocert.de\/de\/ueber-euroendocert\/#primaryimage"},"thumbnailUrl":"https:\/\/www.euroendocert.de\/de\/wp-content\/uploads\/sites\/2\/2026\/03\/euroendocert-ansprechpartnerin.jpg","datePublished":"2016-06-21T14:46:01+00:00","dateModified":"2026-03-16T13:04:22+00:00","description":"EuroEndoCert bietet Interessierten Einrichtungen ein standardisiertes, strukturiertes und transparentes Zertifizierungsverfahren mit geschulten Auditoren.","breadcrumb":{"@id":"https:\/\/www.euroendocert.de\/de\/ueber-euroendocert\/#breadcrumb"},"inLanguage":"de","potentialAction":[{"@type":"ReadAction","target":["https:\/\/www.euroendocert.de\/de\/ueber-euroendocert\/"]}]},{"@type":"ImageObject","inLanguage":"de","@id":"https:\/\/www.euroendocert.de\/de\/ueber-euroendocert\/#primaryimage","url":"https:\/\/www.euroendocert.de\/de\/wp-content\/uploads\/sites\/2\/2026\/03\/euroendocert-ansprechpartnerin.jpg","contentUrl":"https:\/\/www.euroendocert.de\/de\/wp-content\/uploads\/sites\/2\/2026\/03\/euroendocert-ansprechpartnerin.jpg","width":600,"height":650,"caption":"Portr\u00e4t einer l\u00e4chelnden Assistentin mit kurzer blonder Frisur, schwarzer Brille und wei\u00dfer Bluse vor neutralem Hintergrund."},{"@type":"BreadcrumbList","@id":"https:\/\/www.euroendocert.de\/de\/ueber-euroendocert\/#breadcrumb","itemListElement":[{"@type":"ListItem","position":1,"name":"Startseite","item":"https:\/\/www.euroendocert.de\/de\/"},{"@type":"ListItem","position":2,"name":"\u00dcber EuroEndoCert"}]},{"@type":"WebSite","@id":"https:\/\/www.euroendocert.de\/de\/#website","url":"https:\/\/www.euroendocert.de\/de\/","name":"EuroEndoCert DE","description":"Zertifizierung f\u00fcr Krankenh\u00e4user, Arztpraxen und Rehabilitationseinrichtungen","potentialAction":[{"@type":"SearchAction","target":{"@type":"EntryPoint","urlTemplate":"https:\/\/www.euroendocert.de\/de\/?s={search_term_string}"},"query-input":{"@type":"PropertyValueSpecification","valueRequired":true,"valueName":"search_term_string"}}],"inLanguage":"de"}]}},"_links":{"self":[{"href":"https:\/\/www.euroendocert.de\/de\/wp-json\/wp\/v2\/pages\/4","targetHints":{"allow":["GET"]}}],"collection":[{"href":"https:\/\/www.euroendocert.de\/de\/wp-json\/wp\/v2\/pages"}],"about":[{"href":"https:\/\/www.euroendocert.de\/de\/wp-json\/wp\/v2\/types\/page"}],"author":[{"embeddable":true,"href":"https:\/\/www.euroendocert.de\/de\/wp-json\/wp\/v2\/users\/1"}],"replies":[{"embeddable":true,"href":"https:\/\/www.euroendocert.de\/de\/wp-json\/wp\/v2\/comments?post=4"}],"version-history":[{"count":121,"href":"https:\/\/www.euroendocert.de\/de\/wp-json\/wp\/v2\/pages\/4\/revisions"}],"predecessor-version":[{"id":1735,"href":"https:\/\/www.euroendocert.de\/de\/wp-json\/wp\/v2\/pages\/4\/revisions\/1735"}],"wp:attachment":[{"href":"https:\/\/www.euroendocert.de\/de\/wp-json\/wp\/v2\/media?parent=4"}],"curies":[{"name":"wp","href":"https:\/\/api.w.org\/{rel}","templated":true}]}}