{"id":479,"date":"2016-07-07T11:16:08","date_gmt":"2016-07-07T09:16:08","guid":{"rendered":"https:\/\/www.euroendocert.de\/de\/?page_id=479"},"modified":"2026-03-05T16:58:38","modified_gmt":"2026-03-05T15:58:38","slug":"tagesordnung-fu%cc%88r-das-audit-zur-anerkennung-von-endometriosezentren","status":"publish","type":"page","link":"https:\/\/www.euroendocert.de\/de\/tagesordnung-fu%cc%88r-das-audit-zur-anerkennung-von-endometriosezentren\/","title":{"rendered":"Tagesordnung f\u00fcr das Erstzertifizierungsaudit zur Anerkennung von Endometriosezentren\/-klinik"},"content":{"rendered":"\n<div class=\"panel panel--content border--red\">\n    \n\n<h2 class=\"wp-block-heading\">(Tagesordnung f\u00fcr Rezertifizierungen im Anschluss!)<\/h2>\n\n\n\n<h2 class=\"wp-block-heading has-text-align-center\"><strong>1.<\/strong><\/h2>\n\n\n\n<p>Vorstellung der Struktur und des Leistungsspektrum des Klinikums im Allgemeinen und der Frauenklinik im Besonderen.<\/p>\n\n\n\n<p class=\"has-text-align-left\" style=\"padding-left:var(--wp--preset--spacing--50)\"><strong>a)<\/strong> Informationen zum Tr\u00e4ger, zur medizinischen Versorgungssituation in der Stadt<br><strong>b)<\/strong> Schwerpunkte und geplante Entwicklungen<br><strong>c)<\/strong> Kurze Darstellung der Kliniken der Kernpartner<\/p>\n\n\n\n<hr class=\"wp-block-separator has-alpha-channel-opacity is-style-endocert_light_separator\"\/>\n\n\n\n<h2 class=\"wp-block-heading has-text-align-center\"><strong>2.<\/strong><\/h2>\n\n\n\n<p>Vorstellung der Struktur des Endometriosezentrums\/der Endometrioseklinik<\/p>\n\n\n\n<p style=\"padding-left:var(--wp--preset--spacing--50)\"><strong>a) <\/strong>Stellung innerhalb der anderen Schwerpunkte der Frauenklinik<br><strong>b)<\/strong> Jetzige Situation und geplante Entwicklung; Netzwerkbildung usw.<\/p>\n\n\n\n<hr class=\"wp-block-separator has-alpha-channel-opacity is-style-endocert_light_separator\"\/>\n\n\n\n<h2 class=\"wp-block-heading has-text-align-center\"><strong>3.<\/strong><\/h2>\n\n\n\n<p class=\"has-text-align-left\">Diskussion offener Fragen aus dem Zertifizierungsantrag<\/p>\n\n\n\n<p style=\"padding-left:var(--wp--preset--spacing--50)\"><strong>a)<\/strong> Systematisches Durchgehen der einzelnen Punkte des Erfassungsbogens<br><strong>b)<\/strong> Erl\u00e4uterung unklare Antworten&nbsp;<\/p>\n\n\n\n<hr class=\"wp-block-separator has-alpha-channel-opacity is-style-endocert_light_separator\"\/>\n\n\n\n<h2 class=\"wp-block-heading has-text-align-center\"><strong>4.<\/strong><\/h2>\n\n\n\n<p>Diskussion mit einigen Kernpartnern z.B.<\/p>\n\n\n\n<p style=\"padding-right:0;padding-left:var(--wp--preset--spacing--50)\"><strong>a)<\/strong> An\u00e4sthesie: Zusammenarbeit, Schmerztherapie akut, chronisch<br><strong>b)<\/strong> Chirurgie: interdisziplin\u00e4re OP-Planung und Durchfu\u0308hrung<br><strong>c)<\/strong> Kinderwunschzentrum: Darstellung der Zust\u00e4ndigkeiten und des Ablaufs einer Behandlung Die Entscheidung, welcher Partner zur Verfu\u0308gung steht, wird dem Leiter des Endometriosezentrums\/der Endometrioseklinik u\u0308berlassen, je nachdem wer geeignet und trotz laufender Klinik abk\u00f6mmlich erscheint<\/p>\n\n\n\n<p>Bei Rezertifizierungen ist die Anwesenheit der Kooperationspartner nur in besonderen F\u00e4llen erforderlich. Dies wird Ihnen dann mit dem Pr\u00e4-Audit Check vorab mitgeteilt.<\/p>\n\n\n\n<hr class=\"wp-block-separator has-alpha-channel-opacity is-style-endocert_light_separator\"\/>\n\n\n\n<h2 class=\"wp-block-heading has-text-align-center\"><strong>5.<\/strong><\/h2>\n\n\n\n<p>Begehung relevanter Bereiche des Endometriosezentrums\/der Endometrioseklinik<\/p>\n\n\n\n<p style=\"padding-left:var(--wp--preset--spacing--50)\"><strong>a)<\/strong> z.B. Ambulanz<br><strong>b)<\/strong> z.B. OP-Zentrum<\/p>\n\n\n\n<hr class=\"wp-block-separator has-alpha-channel-opacity is-style-endocert_light_separator\"\/>\n\n\n\n<h2 class=\"wp-block-heading has-text-align-center\"><strong>6.<\/strong><\/h2>\n\n\n\n<p>Demonstration der leitliniengerechten Behandlung anhand von mindestens 5 ambulanten und 5 station\u00e4ren Akten. Bitte halten Sie hierzu Unterlagen von allen Patientinnen bereit, die Sie im Erhebungsbogen gez\u00e4hlt haben, ein Zugriff auf das Krankenhausinformationssystem ist ausreichend.<\/p>\n\n\n\n<p style=\"padding-left:var(--wp--preset--spacing--50)\"><strong>a)<\/strong> Pru\u0308fung der Diagnostik und bildgebenden Verfahren (Sonographie, MRT)<br><strong>b)<\/strong> Pru\u0308fung anhand OP-Berichten und Histologiebefunden<br><strong>c)<\/strong> Therapieempfehlung an den weiterbehandelnden Arzt<\/p>\n\n\n\n<hr class=\"wp-block-separator has-alpha-channel-opacity is-style-endocert_light_separator\"\/>\n\n\n\n<h2 class=\"wp-block-heading has-text-align-center\"><strong>7.<\/strong><\/h2>\n\n\n\n<p>Verschiedenes<\/p>\n\n\n\n<p>Der Leiter des Endometriosezentrums\/der Endometrioseklinik und\/oder sein Vertreter sollte w\u00e4hrend des gesamten Audits zur Verfu\u0308gung stehen. Die anderen Partner je nach Verfu\u0308gbarkeit und Notwendigkeit. Zeitrahmen: ca. 4 \u2013 5 Stunden&nbsp;<\/p>\n\n\n<\/div>\n\n\n<p class=\"has-text-align-left has-large-font-size\"><strong>Tagesordnung f\u00fcr das Audit zur <em>Rezertifizierung<\/em> von Endometriosezentren und -kliniken<\/strong><\/p>\n\n\n\n<p class=\"has-text-align-center\"><strong>1.<\/strong><\/p>\n\n\n\n<p>Kurze Vorstellung relevanter struktureller \u00c4nderungen seit dem Voraudit<\/p>\n\n\n\n<hr class=\"wp-block-separator has-css-opacity\"\/>\n\n\n\n<p class=\"has-text-align-center\"><strong>2.<\/strong><\/p>\n\n\n\n<p>Diskussion offener Fragen aus dem Zertifizierungsantrag<\/p>\n\n\n\n<p><strong>a)<\/strong> Systematisches Durchgehen der einzelnen Punkte des Erfassungsbogens und des Pr\u00e4-Audit-Checks<br><strong>b)<\/strong> Hinweise aus dem letzten Auditbericht werden besonders betrachtet<\/p>\n\n\n\n<hr class=\"wp-block-separator has-css-opacity\"\/>\n\n\n\n<p class=\"has-text-align-center\"><strong>3.<\/strong><\/p>\n\n\n\n<p>Diskussion mit einigen Kernpartnern nach Ma\u00dfgabe des Pr\u00e4-Audit-Checks oder auf Wunsch des Antragstellers (z.B. neue Kernpartner)<\/p>\n\n\n\n<hr class=\"wp-block-separator has-css-opacity\"\/>\n\n\n\n<p class=\"has-text-align-center\"><strong>4.<\/strong><\/p>\n\n\n\n<p>Dies ist bei Rezertifizierungen der zentrale Punkt des Audits: Demonstration der leitliniengerechten Behandlung anhand von mindestens 5 ambulanten und 5 station\u00e4ren Akten. Bitte halten Sie hierzu Unterlagen von <strong><em>allen<\/em><\/strong> Patientinnen bereit, die Sie im Erhebungsbogen gez\u00e4hlt haben, ein Zugriff auf das Krankenhausinformationssystem ist ausreichend.<\/p>\n\n\n\n<p><strong>a)<\/strong> Pr\u00fcfung der Diagnostik und bildgebenden Verfahren (Sonographie, MRT)<br><strong>b)<\/strong> Pr\u00fcfung anhand OP-Berichten und Histologiebefunden<br><strong>c)<\/strong> Therapieempfehlung an den weiterbehandelnden Arzt<\/p>\n\n\n\n<hr class=\"wp-block-separator has-css-opacity\"\/>\n\n\n\n<p class=\"has-text-align-center\"><strong>5.<\/strong><\/p>\n\n\n\n<p><strong>Verschiedenes<\/strong><\/p>\n\n\n\n<p>Im Ermessen von EuroEndoCert kann das Audit auch durch eine(n) Auditor(in) durchgef\u00fchrt werden. Eine Durchf\u00fchrung per Videokonferenz ist in geeigneten F\u00e4llen m\u00f6glich.<\/p>\n\n\n\n<p>Die Leitung des Endometriosezentrums\/der Endometrioseklinik und\/oder die Vertretung sollte w\u00e4hrend des gesamten Audits anwesend sein<strong>. <\/strong>Die Dauer betr\u00e4gt etwa 3 &#8211; 4 Stunden (in Einzelf\u00e4llen und bei REMOTE-Audits auch ca. 4 &#8211; 5 h).<\/p>\n","protected":false},"excerpt":{"rendered":"<p>Tagesordnung f\u00fcr das Audit zur Rezertifizierung von Endometriosezentren und -kliniken 1. Kurze Vorstellung relevanter struktureller\u2026<\/p>\n","protected":false},"author":1,"featured_media":0,"parent":0,"menu_order":0,"comment_status":"closed","ping_status":"closed","template":"","meta":{"footnotes":""},"class_list":["post-479","page","type-page","status-publish","hentry"],"yoast_head":"<!-- This site is optimized with the Yoast SEO plugin v27.4 - https:\/\/yoast.com\/product\/yoast-seo-wordpress\/ -->\n<title>Tagesordnung f\u00fcr das Audit zur Anerkennung von Endometriosezentren - EuroEndoCert<\/title>\n<meta name=\"description\" content=\"Hier finden Sie alle Informationen zur Tagesordnung f\u00fcr das Audit zur Anerkennung von Endometriosezentren.\" \/>\n<meta name=\"robots\" content=\"index, follow, max-snippet:-1, max-image-preview:large, max-video-preview:-1\" \/>\n<link rel=\"canonical\" href=\"https:\/\/www.euroendocert.de\/de\/tagesordnung-fu\u0308r-das-audit-zur-anerkennung-von-endometriosezentren\/\" \/>\n<meta property=\"og:locale\" content=\"de_DE\" \/>\n<meta property=\"og:type\" content=\"article\" \/>\n<meta property=\"og:title\" content=\"Tagesordnung f\u00fcr das Audit zur Anerkennung von Endometriosezentren - EuroEndoCert\" \/>\n<meta property=\"og:description\" content=\"Hier finden Sie alle Informationen zur Tagesordnung f\u00fcr das Audit zur Anerkennung von Endometriosezentren.\" \/>\n<meta property=\"og:url\" content=\"https:\/\/www.euroendocert.de\/de\/tagesordnung-fu\u0308r-das-audit-zur-anerkennung-von-endometriosezentren\/\" \/>\n<meta property=\"og:site_name\" content=\"EuroEndoCert DE\" \/>\n<meta property=\"article:modified_time\" content=\"2026-03-05T15:58:38+00:00\" \/>\n<meta name=\"twitter:card\" content=\"summary_large_image\" \/>\n<script type=\"application\/ld+json\" class=\"yoast-schema-graph\">{\"@context\":\"https:\\\/\\\/schema.org\",\"@graph\":[{\"@type\":\"WebPage\",\"@id\":\"https:\\\/\\\/www.euroendocert.de\\\/de\\\/tagesordnung-fu%cc%88r-das-audit-zur-anerkennung-von-endometriosezentren\\\/\",\"url\":\"https:\\\/\\\/www.euroendocert.de\\\/de\\\/tagesordnung-fu%cc%88r-das-audit-zur-anerkennung-von-endometriosezentren\\\/\",\"name\":\"Tagesordnung f\u00fcr das Audit zur Anerkennung von Endometriosezentren - EuroEndoCert\",\"isPartOf\":{\"@id\":\"https:\\\/\\\/www.euroendocert.de\\\/de\\\/#website\"},\"datePublished\":\"2016-07-07T09:16:08+00:00\",\"dateModified\":\"2026-03-05T15:58:38+00:00\",\"description\":\"Hier finden Sie alle Informationen zur Tagesordnung f\u00fcr das Audit zur Anerkennung von Endometriosezentren.\",\"breadcrumb\":{\"@id\":\"https:\\\/\\\/www.euroendocert.de\\\/de\\\/tagesordnung-fu%cc%88r-das-audit-zur-anerkennung-von-endometriosezentren\\\/#breadcrumb\"},\"inLanguage\":\"de\",\"potentialAction\":[{\"@type\":\"ReadAction\",\"target\":[\"https:\\\/\\\/www.euroendocert.de\\\/de\\\/tagesordnung-fu%cc%88r-das-audit-zur-anerkennung-von-endometriosezentren\\\/\"]}]},{\"@type\":\"BreadcrumbList\",\"@id\":\"https:\\\/\\\/www.euroendocert.de\\\/de\\\/tagesordnung-fu%cc%88r-das-audit-zur-anerkennung-von-endometriosezentren\\\/#breadcrumb\",\"itemListElement\":[{\"@type\":\"ListItem\",\"position\":1,\"name\":\"Startseite\",\"item\":\"https:\\\/\\\/www.euroendocert.de\\\/de\\\/\"},{\"@type\":\"ListItem\",\"position\":2,\"name\":\"Tagesordnung f\u00fcr das Erstzertifizierungsaudit zur Anerkennung von Endometriosezentren\\\/-klinik\"}]},{\"@type\":\"WebSite\",\"@id\":\"https:\\\/\\\/www.euroendocert.de\\\/de\\\/#website\",\"url\":\"https:\\\/\\\/www.euroendocert.de\\\/de\\\/\",\"name\":\"EuroEndoCert DE\",\"description\":\"Zertifizierung f\u00fcr Krankenh\u00e4user, Arztpraxen und Rehabilitationseinrichtungen\",\"potentialAction\":[{\"@type\":\"SearchAction\",\"target\":{\"@type\":\"EntryPoint\",\"urlTemplate\":\"https:\\\/\\\/www.euroendocert.de\\\/de\\\/?s={search_term_string}\"},\"query-input\":{\"@type\":\"PropertyValueSpecification\",\"valueRequired\":true,\"valueName\":\"search_term_string\"}}],\"inLanguage\":\"de\"}]}<\/script>\n<!-- \/ Yoast SEO plugin. -->","yoast_head_json":{"title":"Tagesordnung f\u00fcr das Audit zur Anerkennung von Endometriosezentren - EuroEndoCert","description":"Hier finden Sie alle Informationen zur Tagesordnung f\u00fcr das Audit zur Anerkennung von Endometriosezentren.","robots":{"index":"index","follow":"follow","max-snippet":"max-snippet:-1","max-image-preview":"max-image-preview:large","max-video-preview":"max-video-preview:-1"},"canonical":"https:\/\/www.euroendocert.de\/de\/tagesordnung-fu\u0308r-das-audit-zur-anerkennung-von-endometriosezentren\/","og_locale":"de_DE","og_type":"article","og_title":"Tagesordnung f\u00fcr das Audit zur Anerkennung von Endometriosezentren - EuroEndoCert","og_description":"Hier finden Sie alle Informationen zur Tagesordnung f\u00fcr das Audit zur Anerkennung von Endometriosezentren.","og_url":"https:\/\/www.euroendocert.de\/de\/tagesordnung-fu\u0308r-das-audit-zur-anerkennung-von-endometriosezentren\/","og_site_name":"EuroEndoCert DE","article_modified_time":"2026-03-05T15:58:38+00:00","twitter_card":"summary_large_image","schema":{"@context":"https:\/\/schema.org","@graph":[{"@type":"WebPage","@id":"https:\/\/www.euroendocert.de\/de\/tagesordnung-fu%cc%88r-das-audit-zur-anerkennung-von-endometriosezentren\/","url":"https:\/\/www.euroendocert.de\/de\/tagesordnung-fu%cc%88r-das-audit-zur-anerkennung-von-endometriosezentren\/","name":"Tagesordnung f\u00fcr das Audit zur Anerkennung von Endometriosezentren - EuroEndoCert","isPartOf":{"@id":"https:\/\/www.euroendocert.de\/de\/#website"},"datePublished":"2016-07-07T09:16:08+00:00","dateModified":"2026-03-05T15:58:38+00:00","description":"Hier finden Sie alle Informationen zur Tagesordnung f\u00fcr das Audit zur Anerkennung von Endometriosezentren.","breadcrumb":{"@id":"https:\/\/www.euroendocert.de\/de\/tagesordnung-fu%cc%88r-das-audit-zur-anerkennung-von-endometriosezentren\/#breadcrumb"},"inLanguage":"de","potentialAction":[{"@type":"ReadAction","target":["https:\/\/www.euroendocert.de\/de\/tagesordnung-fu%cc%88r-das-audit-zur-anerkennung-von-endometriosezentren\/"]}]},{"@type":"BreadcrumbList","@id":"https:\/\/www.euroendocert.de\/de\/tagesordnung-fu%cc%88r-das-audit-zur-anerkennung-von-endometriosezentren\/#breadcrumb","itemListElement":[{"@type":"ListItem","position":1,"name":"Startseite","item":"https:\/\/www.euroendocert.de\/de\/"},{"@type":"ListItem","position":2,"name":"Tagesordnung f\u00fcr das Erstzertifizierungsaudit zur Anerkennung von Endometriosezentren\/-klinik"}]},{"@type":"WebSite","@id":"https:\/\/www.euroendocert.de\/de\/#website","url":"https:\/\/www.euroendocert.de\/de\/","name":"EuroEndoCert DE","description":"Zertifizierung f\u00fcr Krankenh\u00e4user, Arztpraxen und Rehabilitationseinrichtungen","potentialAction":[{"@type":"SearchAction","target":{"@type":"EntryPoint","urlTemplate":"https:\/\/www.euroendocert.de\/de\/?s={search_term_string}"},"query-input":{"@type":"PropertyValueSpecification","valueRequired":true,"valueName":"search_term_string"}}],"inLanguage":"de"}]}},"_links":{"self":[{"href":"https:\/\/www.euroendocert.de\/de\/wp-json\/wp\/v2\/pages\/479","targetHints":{"allow":["GET"]}}],"collection":[{"href":"https:\/\/www.euroendocert.de\/de\/wp-json\/wp\/v2\/pages"}],"about":[{"href":"https:\/\/www.euroendocert.de\/de\/wp-json\/wp\/v2\/types\/page"}],"author":[{"embeddable":true,"href":"https:\/\/www.euroendocert.de\/de\/wp-json\/wp\/v2\/users\/1"}],"replies":[{"embeddable":true,"href":"https:\/\/www.euroendocert.de\/de\/wp-json\/wp\/v2\/comments?post=479"}],"version-history":[{"count":18,"href":"https:\/\/www.euroendocert.de\/de\/wp-json\/wp\/v2\/pages\/479\/revisions"}],"predecessor-version":[{"id":1707,"href":"https:\/\/www.euroendocert.de\/de\/wp-json\/wp\/v2\/pages\/479\/revisions\/1707"}],"wp:attachment":[{"href":"https:\/\/www.euroendocert.de\/de\/wp-json\/wp\/v2\/media?parent=479"}],"curies":[{"name":"wp","href":"https:\/\/api.w.org\/{rel}","templated":true}]}}