{"id":6,"date":"2016-06-21T16:47:08","date_gmt":"2016-06-21T14:47:08","guid":{"rendered":"https:\/\/www.euroendocert.de\/de\/?page_id=6"},"modified":"2026-03-05T17:06:30","modified_gmt":"2026-03-05T16:06:30","slug":"online-zertifizierung","status":"publish","type":"page","link":"https:\/\/www.euroendocert.de\/de\/online-zertifizierung\/","title":{"rendered":"Zertifizierung"},"content":{"rendered":"\n<p class=\"has-medium-font-size\">Wenn Sie sich (re-)zertifizieren lassen wollen, schicken Sie uns bitte zun\u00e4chst&nbsp;eine <a href=\"https:\/\/www.euroendocert.de\/de\/voranfrage\/\">Voranfrage<\/a>&nbsp;<em>(geben Sie hier Ihren Zertifizierungswunsch mit an!)<\/em><\/p>\n\n\n\n<p>Die aktuell geltenden Kriterien werden von der Zertifizierungskommission der Stiftung-Endometriose Forschung festgelegt: <a href=\"https:\/\/www.euroendocert.de\/de\/wp-content\/uploads\/sites\/2\/2022\/04\/Zentren_Kriterien_22.pdf\" target=\"_blank\" rel=\"noreferrer noopener\">Download Kriterien<\/a> (*.pdf)<\/p>\n\n\n\n<p>Nach Eingang Ihrer Voranfrage beantworten wir diese dann mit einem unverbindlichen Angebot bez\u00fcglich Kosten und zeitlichem Ablauf. Ebenso erhalten Sie von uns alle relevanten Informationen und Dokumente f\u00fcr Ihre Zertifizierung mit dem aktuell g\u00fcltigen Erhebungsbogen!<\/p>\n\n\n\n<p>Mit Annahme des Angebots kommt ein Vertrag zu Stande und wir initiieren den <a href=\"https:\/\/www.euroendocert.de\/de\/zertifizierungsprozess\/\">Zertifizierungsprozess<\/a>.<\/p>\n\n\n\n<div class=\"panel panel--content border--blue\">\n    \n\n<h4 class=\"wp-block-heading\">Die verschiedenen Einrichtungen k\u00f6nnen sich wie folgt zertifizieren lassen:<\/h4>\n\n\n\n<h4 class=\"wp-block-heading has-text-align-center\"><strong>STUFENKONZEPT<br>F\u00dcR ALLE NEU- UND REZERTIFIZIERUNGEN<\/strong><\/h4>\n\n\n\n<ul class=\"wp-block-list\">\n<li>Die Kriterien werden von der Zertifizierungskommission der Stiftung-Endometriose Forschung festgelegt: <a href=\"https:\/\/www.euroendocert.de\/de\/wp-content\/uploads\/sites\/2\/2022\/09\/Zentren_Kriterien_22.pdf\" target=\"_blank\" rel=\"noreferrer noopener\">Download Kriterien<\/a> (*.pdf)<\/li>\n\n\n\n<li>Wenn Sie sich (re-)zertifizieren lassen wollen, schicken Sie uns bitte zun\u00e4chst&nbsp;eine <a href=\"https:\/\/www.euroendocert.de\/de\/voranfrage\/\">Voranfrage<\/a>&nbsp;<em>(geben Sie dabei Ihren Zertifizierungswunsch mit an!).<\/em><\/li>\n<\/ul>\n\n\n\n<h4 class=\"wp-block-heading has-text-align-center\"><strong>ZERTIFIZIERUNGSSTUFEN<\/strong><\/h4>\n\n\n\n<ul class=\"wp-block-list\">\n<li><strong>Zertifizierte Endometriosepraxis (einschlie\u00dflich IVF-Zentren und Rehakliniken)<br><\/strong>Alle Antragsunterlagen erhalten Sie nach Eingang Ihrer Voranfrage.<br>Den Erhebungsbogen finden Sie <a href=\"https:\/\/www.euroendocert.de\/de\/wp-content\/uploads\/sites\/2\/2022\/09\/Erhebungsbogen-Endometriosepraxis_Version-2022.docx\" target=\"_blank\" rel=\"noreferrer noopener\">hier<\/a><\/li>\n\n\n\n<li>Den Erhebungsbogen f\u00fcr Ihre Rezertifizierung finden Sie <a href=\"https:\/\/www.euroendocert.de\/de\/wp-content\/uploads\/sites\/2\/2022\/09\/Erhebungsbogen-Endometriosepraxis_Version-2022.docx\" target=\"_blank\" rel=\"noreferrer noopener\">hier<\/a><\/li>\n<\/ul>\n\n\n\n<hr class=\"wp-block-separator has-alpha-channel-opacity is-style-endocert_light_separator\"\/>\n\n\n\n<ul class=\"wp-block-list\">\n<li><strong>Zertifizierte Endometrioseklinik<br><\/strong>Alle Antragsunterlagen erhalten Sie nach Eingang Ihrer Voranfrage.<br>Den Erhebungsbogen finden Sie <a href=\"https:\/\/www.euroendocert.de\/de\/wp-content\/uploads\/sites\/2\/2022\/09\/Erhebungsbogen-Endometrioseklinik_Version-2022.docx\" target=\"_blank\" rel=\"noreferrer noopener\">hier<\/a><\/li>\n\n\n\n<li>Den Erhebungsbogen f\u00fcr Ihre Rezertifizierung finden Sie <a href=\"https:\/\/www.euroendocert.de\/de\/wp-content\/uploads\/sites\/2\/2022\/09\/Erhebungsbogen_Rezertifizierung_Endometrioseklinik_Version-2022.docx\" target=\"_blank\" rel=\"noreferrer noopener\">hier<\/a><\/li>\n<\/ul>\n\n\n\n<hr class=\"wp-block-separator has-alpha-channel-opacity is-style-endocert_light_separator\"\/>\n\n\n\n<ul class=\"wp-block-list\">\n<li><strong>Zertifiziertes Endometriosezentrum<br><\/strong>Alle Antragsunterlagen erhalten Sie nach Eingang Ihrer Voranfrage.<br>Den Erhebungsbogen finden Sie <a href=\"https:\/\/www.euroendocert.de\/de\/wp-content\/uploads\/sites\/2\/2022\/09\/Erhebungsbogen-Endometriosezentrum_Version-2022.docx\" target=\"_blank\" rel=\"noreferrer noopener\">hier<\/a><\/li>\n\n\n\n<li>Den Erhebungsbogen f\u00fcr Ihre Rezertifizierung finden Sie <a href=\"https:\/\/www.euroendocert.de\/de\/wp-content\/uploads\/sites\/2\/2022\/09\/Erhebungsbogen-Rezertifizierung_Endometriosezentrum_Version-2022.docx\" target=\"_blank\" rel=\"noreferrer noopener\">hier<\/a><\/li>\n<\/ul>\n\n\n<\/div>\n\n\n<h3 class=\"wp-block-heading\" style=\"font-size:23px\">Hinweise zur Bearbeitung der Erhebungsb\u00f6gen:<\/h3>\n\n\n\n<p>1. Zur Annahme kommen nur die vorgegebenen Dokumente in vollst\u00e4ndig ausgef\u00fcllter Form.<\/p>\n\n\n\n<p>2. Speichern Sie den gew\u00fcnschten Erhebungsbogen\/Dokumente ebenfalls auf Ihrem Computer ab.<\/p>\n\n\n\n<p>3. <strong>Einreichung aller Dokumente ausschlie\u00dflich als PDF oder Excel-Datei per E-Mail!<\/strong><\/p>\n\n\n\n<p><\/p>\n","protected":false},"excerpt":{"rendered":"<p>Wenn Sie sich (re-)zertifizieren lassen wollen, schicken Sie uns bitte zun\u00e4chst&nbsp;eine Voranfrage&nbsp;(geben Sie hier Ihren\u2026<\/p>\n","protected":false},"author":1,"featured_media":0,"parent":0,"menu_order":0,"comment_status":"closed","ping_status":"closed","template":"","meta":{"footnotes":""},"class_list":["post-6","page","type-page","status-publish","hentry"],"yoast_head":"<!-- This site is optimized with the Yoast SEO plugin v27.4 - https:\/\/yoast.com\/product\/yoast-seo-wordpress\/ -->\n<title>Zertifizierung - EuroEndoCert<\/title>\n<meta name=\"description\" content=\"Wenn Sie sich (re-)zertifizieren lassen wollen, schicken Sie uns bitte zun\u00e4chst eine Voranfrage.\" \/>\n<meta name=\"robots\" content=\"index, follow, max-snippet:-1, max-image-preview:large, max-video-preview:-1\" \/>\n<link rel=\"canonical\" href=\"https:\/\/www.euroendocert.de\/de\/online-zertifizierung\/\" \/>\n<meta property=\"og:locale\" content=\"de_DE\" \/>\n<meta property=\"og:type\" content=\"article\" \/>\n<meta property=\"og:title\" content=\"Zertifizierung - EuroEndoCert\" \/>\n<meta property=\"og:description\" content=\"Wenn Sie sich (re-)zertifizieren lassen wollen, schicken Sie uns bitte zun\u00e4chst eine Voranfrage.\" \/>\n<meta property=\"og:url\" content=\"https:\/\/www.euroendocert.de\/de\/online-zertifizierung\/\" \/>\n<meta property=\"og:site_name\" content=\"EuroEndoCert DE\" \/>\n<meta property=\"article:modified_time\" content=\"2026-03-05T16:06:30+00:00\" \/>\n<meta name=\"twitter:card\" content=\"summary_large_image\" \/>\n<script type=\"application\/ld+json\" class=\"yoast-schema-graph\">{\"@context\":\"https:\\\/\\\/schema.org\",\"@graph\":[{\"@type\":\"WebPage\",\"@id\":\"https:\\\/\\\/www.euroendocert.de\\\/de\\\/online-zertifizierung\\\/\",\"url\":\"https:\\\/\\\/www.euroendocert.de\\\/de\\\/online-zertifizierung\\\/\",\"name\":\"Zertifizierung - EuroEndoCert\",\"isPartOf\":{\"@id\":\"https:\\\/\\\/www.euroendocert.de\\\/de\\\/#website\"},\"datePublished\":\"2016-06-21T14:47:08+00:00\",\"dateModified\":\"2026-03-05T16:06:30+00:00\",\"description\":\"Wenn Sie sich (re-)zertifizieren lassen wollen, schicken Sie uns bitte zun\u00e4chst eine Voranfrage.\",\"breadcrumb\":{\"@id\":\"https:\\\/\\\/www.euroendocert.de\\\/de\\\/online-zertifizierung\\\/#breadcrumb\"},\"inLanguage\":\"de\",\"potentialAction\":[{\"@type\":\"ReadAction\",\"target\":[\"https:\\\/\\\/www.euroendocert.de\\\/de\\\/online-zertifizierung\\\/\"]}]},{\"@type\":\"BreadcrumbList\",\"@id\":\"https:\\\/\\\/www.euroendocert.de\\\/de\\\/online-zertifizierung\\\/#breadcrumb\",\"itemListElement\":[{\"@type\":\"ListItem\",\"position\":1,\"name\":\"Startseite\",\"item\":\"https:\\\/\\\/www.euroendocert.de\\\/de\\\/\"},{\"@type\":\"ListItem\",\"position\":2,\"name\":\"Zertifizierung\"}]},{\"@type\":\"WebSite\",\"@id\":\"https:\\\/\\\/www.euroendocert.de\\\/de\\\/#website\",\"url\":\"https:\\\/\\\/www.euroendocert.de\\\/de\\\/\",\"name\":\"EuroEndoCert DE\",\"description\":\"Zertifizierung f\u00fcr Krankenh\u00e4user, Arztpraxen und Rehabilitationseinrichtungen\",\"potentialAction\":[{\"@type\":\"SearchAction\",\"target\":{\"@type\":\"EntryPoint\",\"urlTemplate\":\"https:\\\/\\\/www.euroendocert.de\\\/de\\\/?s={search_term_string}\"},\"query-input\":{\"@type\":\"PropertyValueSpecification\",\"valueRequired\":true,\"valueName\":\"search_term_string\"}}],\"inLanguage\":\"de\"}]}<\/script>\n<!-- \/ Yoast SEO plugin. -->","yoast_head_json":{"title":"Zertifizierung - EuroEndoCert","description":"Wenn Sie sich (re-)zertifizieren lassen wollen, schicken Sie uns bitte zun\u00e4chst eine Voranfrage.","robots":{"index":"index","follow":"follow","max-snippet":"max-snippet:-1","max-image-preview":"max-image-preview:large","max-video-preview":"max-video-preview:-1"},"canonical":"https:\/\/www.euroendocert.de\/de\/online-zertifizierung\/","og_locale":"de_DE","og_type":"article","og_title":"Zertifizierung - EuroEndoCert","og_description":"Wenn Sie sich (re-)zertifizieren lassen wollen, schicken Sie uns bitte zun\u00e4chst eine Voranfrage.","og_url":"https:\/\/www.euroendocert.de\/de\/online-zertifizierung\/","og_site_name":"EuroEndoCert DE","article_modified_time":"2026-03-05T16:06:30+00:00","twitter_card":"summary_large_image","schema":{"@context":"https:\/\/schema.org","@graph":[{"@type":"WebPage","@id":"https:\/\/www.euroendocert.de\/de\/online-zertifizierung\/","url":"https:\/\/www.euroendocert.de\/de\/online-zertifizierung\/","name":"Zertifizierung - EuroEndoCert","isPartOf":{"@id":"https:\/\/www.euroendocert.de\/de\/#website"},"datePublished":"2016-06-21T14:47:08+00:00","dateModified":"2026-03-05T16:06:30+00:00","description":"Wenn Sie sich (re-)zertifizieren lassen wollen, schicken Sie uns bitte zun\u00e4chst eine Voranfrage.","breadcrumb":{"@id":"https:\/\/www.euroendocert.de\/de\/online-zertifizierung\/#breadcrumb"},"inLanguage":"de","potentialAction":[{"@type":"ReadAction","target":["https:\/\/www.euroendocert.de\/de\/online-zertifizierung\/"]}]},{"@type":"BreadcrumbList","@id":"https:\/\/www.euroendocert.de\/de\/online-zertifizierung\/#breadcrumb","itemListElement":[{"@type":"ListItem","position":1,"name":"Startseite","item":"https:\/\/www.euroendocert.de\/de\/"},{"@type":"ListItem","position":2,"name":"Zertifizierung"}]},{"@type":"WebSite","@id":"https:\/\/www.euroendocert.de\/de\/#website","url":"https:\/\/www.euroendocert.de\/de\/","name":"EuroEndoCert DE","description":"Zertifizierung f\u00fcr Krankenh\u00e4user, Arztpraxen und Rehabilitationseinrichtungen","potentialAction":[{"@type":"SearchAction","target":{"@type":"EntryPoint","urlTemplate":"https:\/\/www.euroendocert.de\/de\/?s={search_term_string}"},"query-input":{"@type":"PropertyValueSpecification","valueRequired":true,"valueName":"search_term_string"}}],"inLanguage":"de"}]}},"_links":{"self":[{"href":"https:\/\/www.euroendocert.de\/de\/wp-json\/wp\/v2\/pages\/6","targetHints":{"allow":["GET"]}}],"collection":[{"href":"https:\/\/www.euroendocert.de\/de\/wp-json\/wp\/v2\/pages"}],"about":[{"href":"https:\/\/www.euroendocert.de\/de\/wp-json\/wp\/v2\/types\/page"}],"author":[{"embeddable":true,"href":"https:\/\/www.euroendocert.de\/de\/wp-json\/wp\/v2\/users\/1"}],"replies":[{"embeddable":true,"href":"https:\/\/www.euroendocert.de\/de\/wp-json\/wp\/v2\/comments?post=6"}],"version-history":[{"count":129,"href":"https:\/\/www.euroendocert.de\/de\/wp-json\/wp\/v2\/pages\/6\/revisions"}],"predecessor-version":[{"id":1713,"href":"https:\/\/www.euroendocert.de\/de\/wp-json\/wp\/v2\/pages\/6\/revisions\/1713"}],"wp:attachment":[{"href":"https:\/\/www.euroendocert.de\/de\/wp-json\/wp\/v2\/media?parent=6"}],"curies":[{"name":"wp","href":"https:\/\/api.w.org\/{rel}","templated":true}]}}